{"id":4627,"date":"2020-12-13T07:01:45","date_gmt":"2020-12-13T15:01:45","guid":{"rendered":"https:\/\/ibssgroup.com\/confirmation\/"},"modified":"2020-12-14T01:45:18","modified_gmt":"2020-12-14T09:45:18","slug":"confirmation","status":"publish","type":"page","link":"https:\/\/ibssgroup.com\/fr\/confirmation\/","title":{"rendered":"Confirmation"},"content":{"rendered":"<p>Merci pour votre contribution et votre demande. Un repr\u00e9sentant ibss vous r\u00e9pondra pendant les prochaines 48 heures.<\/p>\n<p>Si vous avez besoin d\u2019une r\u00e9ponse imm\u00e9diate, veuillez nous appeler au num\u00e9ro de t\u00e9l\u00e9phone ci-dessous.<\/p>\n<p><span style=\"font-family: -apple-system, BlinkMacSystemFont, 'Segoe UI', Roboto, Oxygen-Sans, Ubuntu, Cantarell, 'Helvetica Neue', sans-serif; font-size: 1rem;\">ibss Group Inc.<\/span><\/p>\n<div>T: (650) 513-1488<br \/>\nF: (650) 513-1884<\/div>\n<div>\n<div id=\"SkypeButton_Call_live:admin_111531_1\"><\/div>\n<\/div>\n","protected":false},"excerpt":{"rendered":"<p>Merci pour votre contribution et votre demande. Un repr\u00e9sentant ibss vous r\u00e9pondra pendant les prochaines 48 heures. Si vous avez besoin d\u2019une r\u00e9ponse imm\u00e9diate, veuillez nous appeler au num\u00e9ro de t\u00e9l\u00e9phone ci-dessous. ibss Group Inc. T: (650) 513-1488 F: (650) 513-1884<\/p>\n","protected":false},"author":11,"featured_media":0,"parent":0,"menu_order":0,"comment_status":"closed","ping_status":"closed","template":"","meta":{"_acf_changed":false,"_uag_custom_page_level_css":"","_exactmetrics_skip_tracking":false,"_exactmetrics_sitenote_active":false,"_exactmetrics_sitenote_note":"","_exactmetrics_sitenote_category":0,"site-sidebar-layout":"default","site-content-layout":"default","ast-site-content-layout":"default","site-content-style":"default","site-sidebar-style":"default","ast-global-header-display":"","ast-banner-title-visibility":"","ast-main-header-display":"","ast-hfb-above-header-display":"","ast-hfb-below-header-display":"","ast-hfb-mobile-header-display":"","site-post-title":"","ast-breadcrumbs-content":"","ast-featured-img":"","footer-sml-layout":"","ast-disable-related-posts":"","theme-transparent-header-meta":"default","adv-header-id-meta":"","stick-header-meta":"","header-above-stick-meta":"","header-main-stick-meta":"","header-below-stick-meta":"","astra-migrate-meta-layouts":"default","ast-page-background-enabled":"default","ast-page-background-meta":{"desktop":{"background-color":"","background-image":"","background-repeat":"repeat","background-position":"center center","background-size":"auto","background-attachment":"scroll","background-type":"","background-media":"","overlay-type":"","overlay-color":"","overlay-opacity":"","overlay-gradient":""},"tablet":{"background-color":"","background-image":"","background-repeat":"repeat","background-position":"center center","background-size":"auto","background-attachment":"scroll","background-type":"","background-media":"","overlay-type":"","overlay-color":"","overlay-opacity":"","overlay-gradient":""},"mobile":{"background-color":"","background-image":"","background-repeat":"repeat","background-position":"center center","background-size":"auto","background-attachment":"scroll","background-type":"","background-media":"","overlay-type":"","overlay-color":"","overlay-opacity":"","overlay-gradient":""}},"ast-content-background-meta":{"desktop":{"background-color":"var(--ast-global-color-5)","background-image":"","background-repeat":"repeat","background-position":"center center","background-size":"auto","background-attachment":"scroll","background-type":"","background-media":"","overlay-type":"","overlay-color":"","overlay-opacity":"","overlay-gradient":""},"tablet":{"background-color":"var(--ast-global-color-5)","background-image":"","background-repeat":"repeat","background-position":"center center","background-size":"auto","background-attachment":"scroll","background-type":"","background-media":"","overlay-type":"","overlay-color":"","overlay-opacity":"","overlay-gradient":""},"mobile":{"background-color":"var(--ast-global-color-5)","background-image":"","background-repeat":"repeat","background-position":"center center","background-size":"auto","background-attachment":"scroll","background-type":"","background-media":"","overlay-type":"","overlay-color":"","overlay-opacity":"","overlay-gradient":""}},"footnotes":""},"class_list":["post-4627","page","type-page","status-publish","hentry"],"acf":[],"uagb_featured_image_src":{"full":false,"thumbnail":false,"medium":false,"medium_large":false,"large":false,"1536x1536":false,"2048x2048":false,"widget-thumbnail":false,"gform-image-choice-sm":false,"gform-image-choice-md":false,"gform-image-choice-lg":false},"uagb_author_info":{"display_name":"Ron Snow","author_link":"https:\/\/ibssgroup.com\/fr\/author\/developer\/"},"uagb_comment_info":0,"uagb_excerpt":"Merci pour votre contribution et votre demande. Un repr\u00e9sentant ibss vous r\u00e9pondra pendant les prochaines 48 heures. Si vous avez besoin d\u2019une r\u00e9ponse imm\u00e9diate, veuillez nous appeler au num\u00e9ro de t\u00e9l\u00e9phone ci-dessous. ibss Group Inc. T: (650) 513-1488 F: (650) 513-1884","_links":{"self":[{"href":"https:\/\/ibssgroup.com\/fr\/wp-json\/wp\/v2\/pages\/4627","targetHints":{"allow":["GET"]}}],"collection":[{"href":"https:\/\/ibssgroup.com\/fr\/wp-json\/wp\/v2\/pages"}],"about":[{"href":"https:\/\/ibssgroup.com\/fr\/wp-json\/wp\/v2\/types\/page"}],"author":[{"embeddable":true,"href":"https:\/\/ibssgroup.com\/fr\/wp-json\/wp\/v2\/users\/11"}],"replies":[{"embeddable":true,"href":"https:\/\/ibssgroup.com\/fr\/wp-json\/wp\/v2\/comments?post=4627"}],"version-history":[{"count":0,"href":"https:\/\/ibssgroup.com\/fr\/wp-json\/wp\/v2\/pages\/4627\/revisions"}],"wp:attachment":[{"href":"https:\/\/ibssgroup.com\/fr\/wp-json\/wp\/v2\/media?parent=4627"}],"curies":[{"name":"wp","href":"https:\/\/api.w.org\/{rel}","templated":true}]}}