{"id":4610,"date":"2020-12-11T07:51:55","date_gmt":"2020-12-11T15:51:55","guid":{"rendered":"https:\/\/ibssgroup.com\/applications\/"},"modified":"2020-12-14T01:51:12","modified_gmt":"2020-12-14T09:51:12","slug":"applications","status":"publish","type":"page","link":"https:\/\/ibssgroup.com\/fr\/applications\/","title":{"rendered":"Applications"},"content":{"rendered":"\t\t<div data-elementor-type=\"wp-post\" data-elementor-id=\"4610\" class=\"elementor elementor-4610 elementor-2476\" data-elementor-post-type=\"page\">\n\t\t\t\t\t\t<section class=\"elementor-section elementor-top-section elementor-element elementor-element-f0116f9 elementor-section-boxed elementor-section-height-default elementor-section-height-default\" data-id=\"f0116f9\" data-element_type=\"section\" data-e-type=\"section\" data-settings=\"{&quot;background_background&quot;:&quot;classic&quot;}\">\n\t\t\t\t\t\t\t<div class=\"elementor-background-overlay\"><\/div>\n\t\t\t\t\t\t\t<div class=\"elementor-container elementor-column-gap-default\">\n\t\t\t\t\t<div class=\"elementor-column elementor-col-100 elementor-top-column elementor-element elementor-element-d3710c5\" data-id=\"d3710c5\" data-element_type=\"column\" data-e-type=\"column\">\n\t\t\t<div class=\"elementor-widget-wrap elementor-element-populated\">\n\t\t\t\t\t\t<div class=\"elementor-element elementor-element-92eefc7 elementor-widget elementor-widget-heading\" data-id=\"92eefc7\" data-element_type=\"widget\" data-e-type=\"widget\" data-widget_type=\"heading.default\">\n\t\t\t\t<div class=\"elementor-widget-container\">\n\t\t\t\t\t<h1 class=\"elementor-heading-title elementor-size-default\">Applications<\/h1>\t\t\t\t<\/div>\n\t\t\t\t<\/div>\n\t\t\t\t\t<\/div>\n\t\t<\/div>\n\t\t\t\t\t<\/div>\n\t\t<\/section>\n\t\t\t\t<section class=\"elementor-section elementor-top-section elementor-element elementor-element-35f4292 elementor-section-boxed elementor-section-height-default elementor-section-height-default\" data-id=\"35f4292\" data-element_type=\"section\" data-e-type=\"section\">\n\t\t\t\t\t\t<div class=\"elementor-container elementor-column-gap-default\">\n\t\t\t\t\t<div class=\"elementor-column elementor-col-100 elementor-top-column elementor-element elementor-element-2cad5c8\" data-id=\"2cad5c8\" data-element_type=\"column\" data-e-type=\"column\">\n\t\t\t<div class=\"elementor-widget-wrap elementor-element-populated\">\n\t\t\t\t\t\t<section class=\"elementor-section elementor-inner-section elementor-element elementor-element-9c150c4 elementor-section-boxed elementor-section-height-default elementor-section-height-default\" data-id=\"9c150c4\" data-element_type=\"section\" data-e-type=\"section\">\n\t\t\t\t\t\t<div class=\"elementor-container elementor-column-gap-default\">\n\t\t\t\t\t<div class=\"elementor-column elementor-col-50 elementor-inner-column elementor-element elementor-element-f10ed21\" data-id=\"f10ed21\" data-element_type=\"column\" data-e-type=\"column\">\n\t\t\t<div class=\"elementor-widget-wrap elementor-element-populated\">\n\t\t\t\t\t\t<div class=\"elementor-element elementor-element-73b4352 elementor-widget elementor-widget-heading\" data-id=\"73b4352\" data-element_type=\"widget\" data-e-type=\"widget\" data-widget_type=\"heading.default\">\n\t\t\t\t<div class=\"elementor-widget-container\">\n\t\t\t\t\t<h2 class=\"elementor-heading-title elementor-size-default\">Applications GV10x<\/h2>\t\t\t\t<\/div>\n\t\t\t\t<\/div>\n\t\t\t\t<div class=\"elementor-element elementor-element-cd9f38e elementor-widget elementor-widget-text-editor\" data-id=\"cd9f38e\" data-element_type=\"widget\" data-e-type=\"widget\" data-widget_type=\"text-editor.default\">\n\t\t\t\t<div class=\"elementor-widget-container\">\n\t\t\t\t\t\t\t\t\t<p>La capacit\u00e9 du GV10x DS Asher \u00e0 \u00e9liminer la contamination carbone des \u00e9chantillons et des chambres de microscopie \u00e9lectronique est bien reconnue par les microscopistes du monde entier. Am\u00e9lioration du contr\u00f4le de la contamination au-del\u00e0 des m\u00e9thodes traditionnelles: nettoyeurs plasma de 1\u00e8re g\u00e9n\u00e9ration, pi\u00e9geage LN<span style=\"vertical-align: sub; font-size: 0.8em;\">2,<\/span> purge N<span style=\"vertical-align: sub; font-size: 0.8em;\">2<\/span> offrent aux chercheurs EM la libert\u00e9 d\u2019enlever les artefacts de carbone en quelques minutes et d\u2019att\u00e9nuer l\u2019accumulation de la contamination des chambres.&nbsp;<\/p>\n<p>La performances GV10x sup\u00e9rieure r\u00e9sulte d\u2019une production plasma \u00e0 basse pression. La recombinaison lente des esp\u00e8ces plasma et leurs longs chemins libres dispersent le rayonnnement UV dans tout le volume de la chambre. L\u2019interaction chimique combin\u00e9e \u00e0 une plage de puissance RF \u00e9tendue convertit le carbone en surface en mol\u00e9cules de phase gazeuse qui sont pomp\u00e9es hors des chambres \u2013 et pas seulement immobilis\u00e9es sur des surfaces de pi\u00e9geage.<\/p>\n<p>Bien que les temps de nettoyage varient d\u2019un instrument \u00e0 l\u2019autre en fonction des charges de contamination, le GV10x DS Asher efficace peut \u00eatre d\u00e9plac\u00e9 vers plusieurs outils de microscopies en laboratoire pour garder tous les microscopes en laboratoire exempts de contamination. Le montage Qwk-Switch\u2122 QSTM facilite le d\u00e9placement d\u2019une source GV10x d\u2019instrument en instrument.&nbsp;<\/p>\n<p>Avec la progression de la nanoscience, les faisceaux d\u2019\u00e9lectrons deviennent plus concentr\u00e9s, les \u00e9nergies des faisceaux d\u2019\u00e9lectrons diminuent et l\u2019utilisation de gaz pr\u00e9curseurs est de plus en plus courante. La haute r\u00e9solution \u00e0 basse \u00e9nergie d&rsquo;at\u00e9rissage devient de plus en plus d\u00e9pendante de la minimisation de contamination carbone \u00e0 faibles niveaux. Le processus plasma aval du Asher accomplit les t\u00e2ches rapidement, \u00e9conomisant ais\u00e9ment le temps pr\u00e9cieux de l\u2019op\u00e9rateur. \u00c0 la diff\u00e9rence du nettoyage cin\u00e9tique dans le cas des \u00ab nettoyeurs plasma \u00bb habituels, le processus plasma aval est un nettoyage chimique doux. Le processus a r\u00e9volutionn\u00e9 les moyens d\u2019\u00e9liminer les mol\u00e9cules de carbone et les hydrocarbures dans les chambres \u00e0 vide.<\/p>\n<p><strong>Applications SEM, FIB et TEM<\/strong><\/p>\n<p>Le nettoyage plasma est le moyen efficace le moins invasif de pr\u00e9parer les \u00e9chantillons pour la microscopie \u00e9lectronique lorsque des mat\u00e9riaux d\u00e9gazants sont analys\u00e9s. Comme le processus de nettoyage plasma \u00e9limine les couches de contamination par hydrocarbures, il peut en m\u00eame temps enlever d\u2019autres structures de carbone. Cela peut \u00eatre un probl\u00e8me pour l\u2019application TEM puisque les grilles de soutien au carbone deviennent de moins en moins robustes apr\u00e8s chaque p\u00e9riode de nettoyage. ibss offre un m\u00e9canisme de nettoyage non cin\u00e9tique et doux afin de minimiser les effets secondaires des interactions \u00e9chantillon-plasma. Les r\u00e9sultats montrent que le syst\u00e8me \u00e9limine efficacement la contamination tout en pr\u00e9servant le film de soutien carbone pendant de nombreuses p\u00e9riodes de nettoyage.<\/p>\n<p>Pour lire l&rsquo;article complet  &nbsp; <strong><a href=\"\/wp-content\/uploads\/2015\/06\/Downstream-Plasma-Tech-for-TEM.Article.pdf\">cliquez ici<\/a>.<\/strong><\/p>\n<p><strong>Sas<\/strong><\/p>\n<p>Le nettoyage des \u00e9chantillons dans les sas est facilit\u00e9 par le montage Qwk-Switch et le logiciel qui automatise le nettoyage dans le sas et l&rsquo;introduction de l\u2019\u00e9chantillon. Le pr\u00e9-nettoyage du sas minimise la contamination de la chambre et r\u00e9duit le nombres de nettoyages de la chambre. En fait, la porte du sas peut \u00eatre ouverte pour nettoyer la chambre. S\u2019il vous pla\u00eet contactez-nous pour les solutions ibss sur les configurations du sas.&nbsp;<\/p>\n\t\t\t\t\t\t\t\t<\/div>\n\t\t\t\t<\/div>\n\t\t\t\t\t<\/div>\n\t\t<\/div>\n\t\t\t\t<div class=\"elementor-column elementor-col-50 elementor-inner-column elementor-element elementor-element-57709b0\" data-id=\"57709b0\" data-element_type=\"column\" data-e-type=\"column\">\n\t\t\t<div class=\"elementor-widget-wrap elementor-element-populated\">\n\t\t\t\t\t\t<div class=\"elementor-element elementor-element-71dfa9f elementor--h-position-center elementor--v-position-middle elementor-arrows-position-inside elementor-pagination-position-inside elementor-widget elementor-widget-slides\" data-id=\"71dfa9f\" data-element_type=\"widget\" data-e-type=\"widget\" data-settings=\"{&quot;navigation&quot;:&quot;both&quot;,&quot;autoplay&quot;:&quot;yes&quot;,&quot;pause_on_hover&quot;:&quot;yes&quot;,&quot;pause_on_interaction&quot;:&quot;yes&quot;,&quot;autoplay_speed&quot;:5000,&quot;infinite&quot;:&quot;yes&quot;,&quot;transition&quot;:&quot;slide&quot;,&quot;transition_speed&quot;:500}\" data-widget_type=\"slides.default\">\n\t\t\t\t<div class=\"elementor-widget-container\">\n\t\t\t\t\t\t\t\t\t<div class=\"elementor-swiper\">\n\t\t\t\t\t<div class=\"elementor-slides-wrapper elementor-main-swiper swiper\" role=\"region\" aria-roledescription=\"carousel\" aria-label=\"Diapositives\" dir=\"ltr\" data-animation=\"fadeInUp\">\n\t\t\t\t<div class=\"swiper-wrapper elementor-slides\">\n\t\t\t\t\t\t\t\t\t\t<div class=\"elementor-repeater-item-b5ee010 swiper-slide\" role=\"group\" aria-roledescription=\"slide\"><div class=\"swiper-slide-bg elementor-ken-burns elementor-ken-burns--out\" role=\"img\" aria-label=\"UniAlberta GV10x on Gemini\"><\/div><div class=\"swiper-slide-inner\" ><div class=\"swiper-slide-contents\"><div class=\"elementor-slide-heading\">UniAlberta GV10x sur Gemini<\/div><\/div><\/div><\/div><div class=\"elementor-repeater-item-6c2e622 swiper-slide\" role=\"group\" aria-roledescription=\"slide\"><div class=\"swiper-slide-bg elementor-ken-burns elementor-ken-burns--in\" role=\"img\" aria-label=\"applications_clip_image014\"><\/div><div class=\"swiper-slide-inner\" ><div class=\"swiper-slide-contents\"><div class=\"elementor-slide-heading\">GV10x sur S4500 Sigmatech Amkor<\/div><\/div><\/div><\/div><div class=\"elementor-repeater-item-d0d642b swiper-slide\" role=\"group\" aria-roledescription=\"slide\"><div class=\"swiper-slide-bg elementor-ken-burns elementor-ken-burns--out\" role=\"img\" aria-label=\"GV10x on Hitachi S4800\"><\/div><div class=\"swiper-slide-inner\" ><div class=\"swiper-slide-contents\"><div class=\"elementor-slide-heading\">GV10x sur Hitachi S4800<\/div><\/div><\/div><\/div><div class=\"elementor-repeater-item-fef6603 swiper-slide\" role=\"group\" aria-roledescription=\"slide\"><div class=\"swiper-slide-bg elementor-ken-burns elementor-ken-burns--out\" role=\"img\" aria-label=\"GV10x on XPS\"><\/div><div class=\"swiper-slide-inner\" ><div class=\"swiper-slide-contents\"><div class=\"elementor-slide-heading\">GV10x sur XPS<\/div><\/div><\/div><\/div><div class=\"elementor-repeater-item-fba09bd swiper-slide\" role=\"group\" aria-roledescription=\"slide\"><div class=\"swiper-slide-bg elementor-ken-burns elementor-ken-burns--in\" role=\"img\" aria-label=\"GV10x DS Asher on Gemini 2\"><\/div><div class=\"swiper-slide-inner\" ><div class=\"swiper-slide-contents\"><div class=\"elementor-slide-heading\">GV10x sur XB540<\/div><\/div><\/div><\/div><div class=\"elementor-repeater-item-079a530 swiper-slide\" role=\"group\" aria-roledescription=\"slide\"><div class=\"swiper-slide-bg elementor-ken-burns elementor-ken-burns--in\" role=\"img\" aria-label=\"Jeol JSM 7200 LoadLock\"><\/div><div class=\"swiper-slide-inner\" ><div class=\"swiper-slide-contents\"><div class=\"elementor-slide-heading\">Sas Jeol JSM 7200<\/div><\/div><\/div><\/div>\t\t\t\t<\/div>\n\t\t\t\t\t\t\t\t\t\t\t\t\t\t\t<div class=\"elementor-swiper-button elementor-swiper-button-prev\" role=\"button\" tabindex=\"0\" aria-label=\"Diapositive pr\u00e9c\u00e9dente\">\n\t\t\t\t\t\t\t<i aria-hidden=\"true\" class=\"eicon-chevron-left\"><\/i>\t\t\t\t\t\t<\/div>\n\t\t\t\t\t\t<div class=\"elementor-swiper-button elementor-swiper-button-next\" role=\"button\" tabindex=\"0\" aria-label=\"Diapositive suivante\">\n\t\t\t\t\t\t\t<i aria-hidden=\"true\" class=\"eicon-chevron-right\"><\/i>\t\t\t\t\t\t<\/div>\n\t\t\t\t\t\t\t\t\t\t\t\t\t\t\t\t<div class=\"swiper-pagination\"><\/div>\n\t\t\t\t\t\t\t\t\t\t\t\t<\/div>\n\t\t\t\t<\/div>\n\t\t\t\t\t\t\t\t<\/div>\n\t\t\t\t<\/div>\n\t\t\t\t<div class=\"elementor-element elementor-element-41d1148 elementor-widget elementor-widget-image\" data-id=\"41d1148\" data-element_type=\"widget\" data-e-type=\"widget\" data-widget_type=\"image.default\">\n\t\t\t\t<div class=\"elementor-widget-container\">\n\t\t\t\t\t\t\t\t\t\t\t\t\t\t\t<img fetchpriority=\"high\" decoding=\"async\" width=\"1024\" height=\"706\" src=\"https:\/\/ibssgroup.com\/wp-content\/uploads\/2015\/05\/MCA-Closer-Look-1024x706.jpg\" class=\"attachment-large size-large wp-image-1927\" alt=\"\" srcset=\"https:\/\/ibssgroup.com\/wp-content\/uploads\/2015\/05\/MCA-Closer-Look-1024x706.jpg 1024w, https:\/\/ibssgroup.com\/wp-content\/uploads\/2015\/05\/MCA-Closer-Look-300x207.jpg 300w, https:\/\/ibssgroup.com\/wp-content\/uploads\/2015\/05\/MCA-Closer-Look-768x529.jpg 768w, https:\/\/ibssgroup.com\/wp-content\/uploads\/2015\/05\/MCA-Closer-Look-e1570638646904.jpg 1900w\" sizes=\"(max-width: 1024px) 100vw, 1024px\" \/>\t\t\t\t\t\t\t\t\t\t\t\t\t\t\t<\/div>\n\t\t\t\t<\/div>\n\t\t\t\t\t<\/div>\n\t\t<\/div>\n\t\t\t\t\t<\/div>\n\t\t<\/section>\n\t\t\t\t\t<\/div>\n\t\t<\/div>\n\t\t\t\t\t<\/div>\n\t\t<\/section>\n\t\t\t\t<\/div>\n\t\t","protected":false},"excerpt":{"rendered":"<p>Applications GV10x La capacit\u00e9 du GV10x DS Asher \u00e0 \u00e9liminer la contamination carbone des \u00e9chantillons et des chambres de microscopie \u00e9lectronique est bien reconnue par les microscopistes du monde entier. Am\u00e9lioration du contr\u00f4le de la contamination au-del\u00e0 des m\u00e9thodes traditionnelles: nettoyeurs plasma de 1\u00e8re g\u00e9n\u00e9ration, pi\u00e9geage LN2, purge N2 offrent aux chercheurs EM la libert\u00e9 [&hellip;]<\/p>\n","protected":false},"author":11,"featured_media":0,"parent":0,"menu_order":0,"comment_status":"closed","ping_status":"closed","template":"","meta":{"_acf_changed":false,"_uag_custom_page_level_css":"","_exactmetrics_skip_tracking":false,"_exactmetrics_sitenote_active":false,"_exactmetrics_sitenote_note":"","_exactmetrics_sitenote_category":0,"site-sidebar-layout":"no-sidebar","site-content-layout":"page-builder","ast-site-content-layout":"full-width-container","site-content-style":"unboxed","site-sidebar-style":"unboxed","ast-global-header-display":"","ast-banner-title-visibility":"","ast-main-header-display":"","ast-hfb-above-header-display":"","ast-hfb-below-header-display":"","ast-hfb-mobile-header-display":"","site-post-title":"disabled","ast-breadcrumbs-content":"","ast-featured-img":"disabled","footer-sml-layout":"","ast-disable-related-posts":"","theme-transparent-header-meta":"default","adv-header-id-meta":"","stick-header-meta":"","header-above-stick-meta":"","header-main-stick-meta":"","header-below-stick-meta":"","astra-migrate-meta-layouts":"default","ast-page-background-enabled":"default","ast-page-background-meta":{"desktop":{"background-color":"","background-image":"","background-repeat":"repeat","background-position":"center center","background-size":"auto","background-attachment":"scroll","background-type":"","background-media":"","overlay-type":"","overlay-color":"","overlay-opacity":"","overlay-gradient":""},"tablet":{"background-color":"","background-image":"","background-repeat":"repeat","background-position":"center center","background-size":"auto","background-attachment":"scroll","background-type":"","background-media":"","overlay-type":"","overlay-color":"","overlay-opacity":"","overlay-gradient":""},"mobile":{"background-color":"","background-image":"","background-repeat":"repeat","background-position":"center center","background-size":"auto","background-attachment":"scroll","background-type":"","background-media":"","overlay-type":"","overlay-color":"","overlay-opacity":"","overlay-gradient":""}},"ast-content-background-meta":{"desktop":{"background-color":"var(--ast-global-color-5)","background-image":"","background-repeat":"repeat","background-position":"center center","background-size":"auto","background-attachment":"scroll","background-type":"","background-media":"","overlay-type":"","overlay-color":"","overlay-opacity":"","overlay-gradient":""},"tablet":{"background-color":"var(--ast-global-color-5)","background-image":"","background-repeat":"repeat","background-position":"center center","background-size":"auto","background-attachment":"scroll","background-type":"","background-media":"","overlay-type":"","overlay-color":"","overlay-opacity":"","overlay-gradient":""},"mobile":{"background-color":"var(--ast-global-color-5)","background-image":"","background-repeat":"repeat","background-position":"center center","background-size":"auto","background-attachment":"scroll","background-type":"","background-media":"","overlay-type":"","overlay-color":"","overlay-opacity":"","overlay-gradient":""}},"footnotes":""},"class_list":["post-4610","page","type-page","status-publish","hentry"],"acf":[],"uagb_featured_image_src":{"full":false,"thumbnail":false,"medium":false,"medium_large":false,"large":false,"1536x1536":false,"2048x2048":false,"widget-thumbnail":false,"gform-image-choice-sm":false,"gform-image-choice-md":false,"gform-image-choice-lg":false},"uagb_author_info":{"display_name":"Ron Snow","author_link":"https:\/\/ibssgroup.com\/fr\/author\/developer\/"},"uagb_comment_info":0,"uagb_excerpt":"Applications GV10x La capacit\u00e9 du GV10x DS Asher \u00e0 \u00e9liminer la contamination carbone des \u00e9chantillons et des chambres de microscopie \u00e9lectronique est bien reconnue par les microscopistes du monde entier. Am\u00e9lioration du contr\u00f4le de la contamination au-del\u00e0 des m\u00e9thodes traditionnelles: nettoyeurs plasma de 1\u00e8re g\u00e9n\u00e9ration, pi\u00e9geage LN2, purge N2 offrent aux chercheurs EM la libert\u00e9\u2026","_links":{"self":[{"href":"https:\/\/ibssgroup.com\/fr\/wp-json\/wp\/v2\/pages\/4610","targetHints":{"allow":["GET"]}}],"collection":[{"href":"https:\/\/ibssgroup.com\/fr\/wp-json\/wp\/v2\/pages"}],"about":[{"href":"https:\/\/ibssgroup.com\/fr\/wp-json\/wp\/v2\/types\/page"}],"author":[{"embeddable":true,"href":"https:\/\/ibssgroup.com\/fr\/wp-json\/wp\/v2\/users\/11"}],"replies":[{"embeddable":true,"href":"https:\/\/ibssgroup.com\/fr\/wp-json\/wp\/v2\/comments?post=4610"}],"version-history":[{"count":0,"href":"https:\/\/ibssgroup.com\/fr\/wp-json\/wp\/v2\/pages\/4610\/revisions"}],"wp:attachment":[{"href":"https:\/\/ibssgroup.com\/fr\/wp-json\/wp\/v2\/media?parent=4610"}],"curies":[{"name":"wp","href":"https:\/\/api.w.org\/{rel}","templated":true}]}}