{"id":4574,"date":"2020-12-09T08:37:48","date_gmt":"2020-12-09T16:37:48","guid":{"rendered":"https:\/\/ibssgroup.com\/societe\/"},"modified":"2020-12-14T01:47:58","modified_gmt":"2020-12-14T09:47:58","slug":"societe","status":"publish","type":"page","link":"https:\/\/ibssgroup.com\/fr\/societe\/","title":{"rendered":"Soci\u00e9t\u00e9"},"content":{"rendered":"\t\t<div data-elementor-type=\"wp-post\" data-elementor-id=\"4574\" class=\"elementor elementor-4574 elementor-3910\" data-elementor-post-type=\"page\">\n\t\t\t\t\t\t<section class=\"elementor-section elementor-top-section elementor-element elementor-element-7e83a33 elementor-section-boxed elementor-section-height-default elementor-section-height-default\" data-id=\"7e83a33\" data-element_type=\"section\" data-e-type=\"section\" data-settings=\"{&quot;background_background&quot;:&quot;classic&quot;}\">\n\t\t\t\t\t\t\t<div class=\"elementor-background-overlay\"><\/div>\n\t\t\t\t\t\t\t<div class=\"elementor-container elementor-column-gap-default\">\n\t\t\t\t\t<div class=\"elementor-column elementor-col-100 elementor-top-column elementor-element elementor-element-11ff6d1\" data-id=\"11ff6d1\" data-element_type=\"column\" data-e-type=\"column\">\n\t\t\t<div class=\"elementor-widget-wrap elementor-element-populated\">\n\t\t\t\t\t\t<div class=\"elementor-element elementor-element-f688ee0 elementor-widget elementor-widget-theme-post-title elementor-page-title elementor-widget-heading\" data-id=\"f688ee0\" data-element_type=\"widget\" data-e-type=\"widget\" data-widget_type=\"theme-post-title.default\">\n\t\t\t\t<div class=\"elementor-widget-container\">\n\t\t\t\t\t<h1 class=\"elementor-heading-title elementor-size-default\">Soci\u00e9t\u00e9<\/h1>\t\t\t\t<\/div>\n\t\t\t\t<\/div>\n\t\t\t\t\t<\/div>\n\t\t<\/div>\n\t\t\t\t\t<\/div>\n\t\t<\/section>\n\t\t\t\t<section class=\"elementor-section elementor-top-section elementor-element elementor-element-278952c elementor-section-boxed elementor-section-height-default elementor-section-height-default\" data-id=\"278952c\" data-element_type=\"section\" data-e-type=\"section\">\n\t\t\t\t\t\t<div class=\"elementor-container elementor-column-gap-default\">\n\t\t\t\t\t<div class=\"elementor-column elementor-col-100 elementor-top-column elementor-element elementor-element-5f9849a\" data-id=\"5f9849a\" data-element_type=\"column\" data-e-type=\"column\">\n\t\t\t<div class=\"elementor-widget-wrap elementor-element-populated\">\n\t\t\t\t\t\t<div class=\"elementor-element elementor-element-5d9ff24 elementor-widget elementor-widget-heading\" data-id=\"5d9ff24\" data-element_type=\"widget\" data-e-type=\"widget\" data-widget_type=\"heading.default\">\n\t\t\t\t<div class=\"elementor-widget-container\">\n\t\t\t\t\t<h2 class=\"elementor-heading-title elementor-size-default\">Transformer des id\u00e9es brillantes en outils abordables<\/h2>\t\t\t\t<\/div>\n\t\t\t\t<\/div>\n\t\t\t\t\t<\/div>\n\t\t<\/div>\n\t\t\t\t\t<\/div>\n\t\t<\/section>\n\t\t\t\t<section class=\"elementor-section elementor-top-section elementor-element elementor-element-07f751d elementor-section-boxed elementor-section-height-default elementor-section-height-default\" data-id=\"07f751d\" data-element_type=\"section\" data-e-type=\"section\">\n\t\t\t\t\t\t<div class=\"elementor-container elementor-column-gap-default\">\n\t\t\t\t\t<div class=\"elementor-column elementor-col-100 elementor-top-column elementor-element elementor-element-0ae2681\" data-id=\"0ae2681\" data-element_type=\"column\" data-e-type=\"column\">\n\t\t\t<div class=\"elementor-widget-wrap elementor-element-populated\">\n\t\t\t\t\t\t<div class=\"elementor-element elementor-element-eca82cf elementor-widget elementor-widget-text-editor\" data-id=\"eca82cf\" data-element_type=\"widget\" data-e-type=\"widget\" data-widget_type=\"text-editor.default\">\n\t\t\t\t<div class=\"elementor-widget-container\">\n\t\t\t\t\t\t\t\t\t<p>La mission de ibss Group est non seulement de fournir le nettoyeur plasma le plus rapide, le plus s\u00fbr et le plus efficace sur le march\u00e9, mais aussi de d\u00e9velopper et de maintenir des relations \u00e0 long terme avec ses clients et les op\u00e9rateurs du GV10x en fournissant des r\u00e9ponses rapides, des explications approfondies et avec cela un soutien qui d\u00e9passent les attentes.<\/p>\n\t\t\t\t\t\t\t\t<\/div>\n\t\t\t\t<\/div>\n\t\t\t\t\t<\/div>\n\t\t<\/div>\n\t\t\t\t\t<\/div>\n\t\t<\/section>\n\t\t\t\t<section class=\"elementor-section elementor-top-section elementor-element elementor-element-bea0388 elementor-section-boxed elementor-section-height-default elementor-section-height-default\" data-id=\"bea0388\" data-element_type=\"section\" data-e-type=\"section\">\n\t\t\t\t\t\t<div class=\"elementor-container elementor-column-gap-default\">\n\t\t\t\t\t<div class=\"elementor-column elementor-col-100 elementor-top-column elementor-element elementor-element-2515380\" data-id=\"2515380\" data-element_type=\"column\" data-e-type=\"column\">\n\t\t\t<div class=\"elementor-widget-wrap elementor-element-populated\">\n\t\t\t\t\t\t<div class=\"elementor-element elementor-element-6010ed3 elementor-widget elementor-widget-text-editor\" data-id=\"6010ed3\" data-element_type=\"widget\" data-e-type=\"widget\" data-widget_type=\"text-editor.default\">\n\t\t\t\t<div class=\"elementor-widget-container\">\n\t\t\t\t\t\t\t\t\t<p><a href=\"https:\/\/ibssgroup.com\/wp-content\/uploads\/2015\/05\/img-11.jpg\"><img fetchpriority=\"high\" decoding=\"async\" class=\"alignright wp-image-54\" src=\"https:\/\/ibssgroup.com\/wp-content\/uploads\/2015\/05\/img-11-286x300.jpg\" alt=\"\" width=\"304\" height=\"318\" srcset=\"https:\/\/ibssgroup.com\/wp-content\/uploads\/2015\/05\/img-11-286x300.jpg 286w, https:\/\/ibssgroup.com\/wp-content\/uploads\/2015\/05\/img-11.jpg 570w\" sizes=\"(max-width: 304px) 100vw, 304px\" \/><\/a><\/p>\n<p>Vince Carlino a fond\u00e9 ibss Group, Inc. en 2002 afin de continuer \u00e0 d\u00e9velopper des syst\u00e8mes de d\u00e9p\u00f4t \u00e0 base de faisceaux de ions sans champ (IBS) pour la pr\u00e9paration des \u00e9chantillons EM. Le syst\u00e8me IBS et le Dimpler\u2122, d\u00e9velopp\u00e9 par VCR Group, ont \u00e9tabli la norme pour le d\u00e9p\u00f4t et la pr\u00e9paration des \u00e9chantillons. <\/p>\n<p>En 2003, ibss Group a accept\u00e9 de commercialiser un outil pour minimiser la contamination par hydrocarbures dans les SEMs par oxydation \u00e0 distance \/ en aval (Downstream). M. Carlino a assum\u00e9 la responsabilit\u00e9 des ventes mondiales afin d\u2019introduire un proc\u00e9d\u00e9 plasma novateur pour l\u2019\u00e9limination de la contamination par hydrocarbures dans les instruments \u00e0 faisceau \u00e9lectrons.<\/p>\n<p>En 2007, ibss Group a commenc\u00e9 \u00e0 coop\u00e9rer avec un inventeur d\u2019une source unique de plasma brevet\u00e9e. ibss Group a d\u00e9velopp\u00e9 et produit le GV10x, un nouveau nettoyeur type \u00ab\u00a0plasma asher\u00a0\u00bb in situ \/ en aval paradigmatique. \u00c0 des prix comp\u00e9titifs, le GV10x Downstream Asher r\u00e9duit la contamination par carbone et hydrocarbures 10 \u00e0 20 fois plus efficacement que les m\u00e9thodes traditionnelles tout en utilisant une pression sous vide sans danger pour le fonctionnement des pompes turbomol\u00e9culaires.<\/p>\n<p><span style=\"font-size: 15px;\">Aujourd\u2019hui, ibss Group a \u00e9largi ses mod\u00e8les GV10x et sert des clients dans les laboratoires EM et synchrotron \u00e0 travers le monde avec succ\u00e8s en utilisant le GV10x et les produits connexes. Pour assurer la qualit\u00e9 et la s\u00e9curit\u00e9 des utilisateurs, les produits ibss sont conformes CE, KC, CB et RoHS. En outre, le GV10x a \u00e9t\u00e9 approuv\u00e9 pour une utilisation \u00e0 sa gamme compl\u00e8te de puissance (10 \u00e0 99 watts) au Japon, o\u00f9 la loi sur la radio limiterait normalement sa limite sup\u00e9rieure \u00e0 49 watts.<\/span><\/p>\n<p>ibss Group n\u2019a pas cess\u00e9 avec ces r\u00e9alisations, mais poursuit sa recherche et son d\u00e9veloppement pour apporter de nouvelles options et de l\u2019innovation sur le march\u00e9.<\/p>\n<p><span style=\"font-size: 15px;\">La mission de ibss Group est non seulement de fournir le nettoyeur plasma le plus rapide, le plus s\u00fbr et le plus efficace sur le march\u00e9, mais aussi de d\u00e9velopper et de maintenir des relations \u00e0 long terme avec ses clients et les op\u00e9rateurs du GV10x en fournissant des r\u00e9ponses rapides, des explications approfondies et avec cela un soutien qui d\u00e9passent les attentes.<\/span><\/p>\n\t\t\t\t\t\t\t\t<\/div>\n\t\t\t\t<\/div>\n\t\t\t\t\t<\/div>\n\t\t<\/div>\n\t\t\t\t\t<\/div>\n\t\t<\/section>\n\t\t\t\t<section class=\"elementor-section elementor-top-section elementor-element elementor-element-4d79f98 elementor-section-boxed elementor-section-height-default elementor-section-height-default\" data-id=\"4d79f98\" data-element_type=\"section\" data-e-type=\"section\" data-settings=\"{&quot;shape_divider_top&quot;:&quot;pyramids&quot;,&quot;shape_divider_bottom&quot;:&quot;pyramids&quot;}\">\n\t\t\t\t\t<div class=\"elementor-shape elementor-shape-top\" aria-hidden=\"true\" data-negative=\"false\">\n\t\t\t<svg xmlns=\"http:\/\/www.w3.org\/2000\/svg\" viewBox=\"0 0 1000 100\" preserveAspectRatio=\"none\">\n\t<path class=\"elementor-shape-fill\" d=\"M761.9,44.1L643.1,27.2L333.8,98L0,3.8V0l1000,0v3.9\"\/>\n<\/svg>\t\t<\/div>\n\t\t\t\t<div class=\"elementor-shape elementor-shape-bottom\" aria-hidden=\"true\" data-negative=\"false\">\n\t\t\t<svg xmlns=\"http:\/\/www.w3.org\/2000\/svg\" viewBox=\"0 0 1000 100\" preserveAspectRatio=\"none\">\n\t<path class=\"elementor-shape-fill\" d=\"M761.9,44.1L643.1,27.2L333.8,98L0,3.8V0l1000,0v3.9\"\/>\n<\/svg>\t\t<\/div>\n\t\t\t\t\t<div class=\"elementor-container elementor-column-gap-default\">\n\t\t\t\t\t<div class=\"elementor-column elementor-col-100 elementor-top-column elementor-element elementor-element-76372f5\" data-id=\"76372f5\" data-element_type=\"column\" data-e-type=\"column\">\n\t\t\t<div class=\"elementor-widget-wrap elementor-element-populated\">\n\t\t\t\t\t\t<div class=\"elementor-element elementor-element-d7a6a49 elementor-widget elementor-widget-testimonial\" data-id=\"d7a6a49\" data-element_type=\"widget\" data-e-type=\"widget\" data-widget_type=\"testimonial.default\">\n\t\t\t\t<div class=\"elementor-widget-container\">\n\t\t\t\t\t\t\t<div class=\"elementor-testimonial-wrapper\">\n\t\t\t\n\t\t\t\t\t\t<div class=\"elementor-testimonial-meta\">\n\t\t\t\t<div class=\"elementor-testimonial-meta-inner\">\n\t\t\t\t\t\n\t\t\t\t\t\t\t\t\t\t<div class=\"elementor-testimonial-details\">\n\t\t\t\t\t\t\t\t\t\t\t\t\t\t<div class=\"elementor-testimonial-name\"><div class=\"strong-view strong-widget strong-view-id-1 small-widget wpmtst-small-widget\" data-count=\"1\"><div class=\"strong-content strong-normal columns-1\"><div class=\"wpmtst-testimonial testimonial excerpt post-4660\"><div class=\"wpmtst-testimonial-inner testimonial-inner\"><h3 class=\"wpmtst-testimonial-heading testimonial-heading\">R\u00e9duction substantielle des temps de nettoyage<\/h3><div class=\"wpmtst-testimonial-content testimonial-content\"><div class=\"wpmtst-testimonial-image testimonial-image\"><img alt='' src='https:\/\/secure.gravatar.com\/avatar\/?s=180&#038;d=mm&#038;r=g' srcset='https:\/\/secure.gravatar.com\/avatar\/?s=360&#038;d=mm&#038;r=g 2x' class='avatar avatar-180 photo avatar-default' height='180' width='180' \/><\/div><div class=\"maybe-clear\"><\/div><p>Les taux de nettoyage \u00e9taient si \u00e9lev\u00e9s que les d\u00e9p\u00f4ts ont \u00e9t\u00e9 enlev\u00e9s plus rapidement que pr\u00e9vu&#8230; il devient \u00e9vident que le nettoyage du carbone dans le cas du GV10x&#8230; est beaucoup plus efficace.<\/p><\/div><div class=\"wpmtst-testimonial-field testimonial-field testimonial-company\">Cells Alba Synchrotron Light Facility<\/div><div class=\"clear\"><\/div><\/div><\/div><\/div><\/div><\/div>\n\t\t\t\t\t\t\t\t\t\t\t\t\t\t\t\t\t\t\t<\/div>\n\t\t\t\t\t\t\t\t\t<\/div>\n\t\t\t<\/div>\n\t\t\t\t\t<\/div>\n\t\t\t\t\t\t<\/div>\n\t\t\t\t<\/div>\n\t\t\t\t\t<\/div>\n\t\t<\/div>\n\t\t\t\t\t<\/div>\n\t\t<\/section>\n\t\t\t\t<\/div>\n\t\t","protected":false},"excerpt":{"rendered":"<p>Transformer des id\u00e9es brillantes en outils abordables La mission de ibss Group est non seulement de fournir le nettoyeur plasma le plus rapide, le plus s\u00fbr et le plus efficace sur le march\u00e9, mais aussi de d\u00e9velopper et de maintenir des relations \u00e0 long terme avec ses clients et les op\u00e9rateurs du GV10x en fournissant<a href=\"https:\/\/ibssgroup.com\/fr\/societe\/\" class=\"readmore\">Read more<span class=\"screen-reader-text\"> \u00ab\u00a0Soci\u00e9t\u00e9\u00a0\u00bb<\/span><\/a><\/p>\n","protected":false},"author":11,"featured_media":0,"parent":0,"menu_order":0,"comment_status":"closed","ping_status":"closed","template":"","meta":{"_acf_changed":false,"_uag_custom_page_level_css":"","_exactmetrics_skip_tracking":false,"_exactmetrics_sitenote_active":false,"_exactmetrics_sitenote_note":"","_exactmetrics_sitenote_category":0,"site-sidebar-layout":"no-sidebar","site-content-layout":"page-builder","ast-site-content-layout":"default","site-content-style":"default","site-sidebar-style":"default","ast-global-header-display":"","ast-banner-title-visibility":"","ast-main-header-display":"","ast-hfb-above-header-display":"","ast-hfb-below-header-display":"","ast-hfb-mobile-header-display":"","site-post-title":"disabled","ast-breadcrumbs-content":"","ast-featured-img":"disabled","footer-sml-layout":"","ast-disable-related-posts":"","theme-transparent-header-meta":"default","adv-header-id-meta":"","stick-header-meta":"","header-above-stick-meta":"","header-main-stick-meta":"","header-below-stick-meta":"","astra-migrate-meta-layouts":"default","ast-page-background-enabled":"default","ast-page-background-meta":{"desktop":{"background-color":"","background-image":"","background-repeat":"repeat","background-position":"center center","background-size":"auto","background-attachment":"scroll","background-type":"","background-media":"","overlay-type":"","overlay-color":"","overlay-opacity":"","overlay-gradient":""},"tablet":{"background-color":"","background-image":"","background-repeat":"repeat","background-position":"center center","background-size":"auto","background-attachment":"scroll","background-type":"","background-media":"","overlay-type":"","overlay-color":"","overlay-opacity":"","overlay-gradient":""},"mobile":{"background-color":"","background-image":"","background-repeat":"repeat","background-position":"center center","background-size":"auto","background-attachment":"scroll","background-type":"","background-media":"","overlay-type":"","overlay-color":"","overlay-opacity":"","overlay-gradient":""}},"ast-content-background-meta":{"desktop":{"background-color":"var(--ast-global-color-5)","background-image":"","background-repeat":"repeat","background-position":"center center","background-size":"auto","background-attachment":"scroll","background-type":"","background-media":"","overlay-type":"","overlay-color":"","overlay-opacity":"","overlay-gradient":""},"tablet":{"background-color":"var(--ast-global-color-5)","background-image":"","background-repeat":"repeat","background-position":"center center","background-size":"auto","background-attachment":"scroll","background-type":"","background-media":"","overlay-type":"","overlay-color":"","overlay-opacity":"","overlay-gradient":""},"mobile":{"background-color":"var(--ast-global-color-5)","background-image":"","background-repeat":"repeat","background-position":"center center","background-size":"auto","background-attachment":"scroll","background-type":"","background-media":"","overlay-type":"","overlay-color":"","overlay-opacity":"","overlay-gradient":""}},"footnotes":""},"class_list":["post-4574","page","type-page","status-publish","hentry"],"acf":[],"uagb_featured_image_src":{"full":false,"thumbnail":false,"medium":false,"medium_large":false,"large":false,"1536x1536":false,"2048x2048":false,"widget-thumbnail":false,"gform-image-choice-sm":false,"gform-image-choice-md":false,"gform-image-choice-lg":false},"uagb_author_info":{"display_name":"Ron Snow","author_link":"https:\/\/ibssgroup.com\/fr\/author\/developer\/"},"uagb_comment_info":0,"uagb_excerpt":"Transformer des id\u00e9es brillantes en outils abordables La mission de ibss Group est non seulement de fournir le nettoyeur plasma le plus rapide, le plus s\u00fbr et le plus efficace sur le march\u00e9, mais aussi de d\u00e9velopper et de maintenir des relations \u00e0 long terme avec ses clients et les op\u00e9rateurs du GV10x en fournissantRead\u2026","_links":{"self":[{"href":"https:\/\/ibssgroup.com\/fr\/wp-json\/wp\/v2\/pages\/4574","targetHints":{"allow":["GET"]}}],"collection":[{"href":"https:\/\/ibssgroup.com\/fr\/wp-json\/wp\/v2\/pages"}],"about":[{"href":"https:\/\/ibssgroup.com\/fr\/wp-json\/wp\/v2\/types\/page"}],"author":[{"embeddable":true,"href":"https:\/\/ibssgroup.com\/fr\/wp-json\/wp\/v2\/users\/11"}],"replies":[{"embeddable":true,"href":"https:\/\/ibssgroup.com\/fr\/wp-json\/wp\/v2\/comments?post=4574"}],"version-history":[{"count":0,"href":"https:\/\/ibssgroup.com\/fr\/wp-json\/wp\/v2\/pages\/4574\/revisions"}],"wp:attachment":[{"href":"https:\/\/ibssgroup.com\/fr\/wp-json\/wp\/v2\/media?parent=4574"}],"curies":[{"name":"wp","href":"https:\/\/api.w.org\/{rel}","templated":true}]}}