{"id":4428,"date":"2020-08-25T12:08:11","date_gmt":"2020-08-25T20:08:11","guid":{"rendered":"https:\/\/ibssgroup.com\/registrierung\/"},"modified":"2020-09-28T15:42:41","modified_gmt":"2020-09-28T23:42:41","slug":"registration","status":"publish","type":"page","link":"https:\/\/ibssgroup.com\/de\/registration\/","title":{"rendered":"Registrierung"},"content":{"rendered":"<h1>Registrierung<\/h1>\n<script>\nvar gform;gform||(document.addEventListener(\"gform_main_scripts_loaded\",function(){gform.scriptsLoaded=!0}),document.addEventListener(\"gform\/theme\/scripts_loaded\",function(){gform.themeScriptsLoaded=!0}),window.addEventListener(\"DOMContentLoaded\",function(){gform.domLoaded=!0}),gform={domLoaded:!1,scriptsLoaded:!1,themeScriptsLoaded:!1,isFormEditor:()=>\"function\"==typeof InitializeEditor,callIfLoaded:function(o){return!(!gform.domLoaded||!gform.scriptsLoaded||!gform.themeScriptsLoaded&&!gform.isFormEditor()||(gform.isFormEditor()&&console.warn(\"The use of gform.initializeOnLoaded() is deprecated in the form editor context and will be removed in Gravity Forms 3.1.\"),o(),0))},initializeOnLoaded:function(o){gform.callIfLoaded(o)||(document.addEventListener(\"gform_main_scripts_loaded\",()=>{gform.scriptsLoaded=!0,gform.callIfLoaded(o)}),document.addEventListener(\"gform\/theme\/scripts_loaded\",()=>{gform.themeScriptsLoaded=!0,gform.callIfLoaded(o)}),window.addEventListener(\"DOMContentLoaded\",()=>{gform.domLoaded=!0,gform.callIfLoaded(o)}))},hooks:{action:{},filter:{}},addAction:function(o,r,e,t){gform.addHook(\"action\",o,r,e,t)},addFilter:function(o,r,e,t){gform.addHook(\"filter\",o,r,e,t)},doAction:function(o){gform.doHook(\"action\",o,arguments)},applyFilters:function(o){return gform.doHook(\"filter\",o,arguments)},removeAction:function(o,r){gform.removeHook(\"action\",o,r)},removeFilter:function(o,r,e){gform.removeHook(\"filter\",o,r,e)},addHook:function(o,r,e,t,n){null==gform.hooks[o][r]&&(gform.hooks[o][r]=[]);var d=gform.hooks[o][r];null==n&&(n=r+\"_\"+d.length),gform.hooks[o][r].push({tag:n,callable:e,priority:t=null==t?10:t})},doHook:function(r,o,e){var t;if(e=Array.prototype.slice.call(e,1),null!=gform.hooks[r][o]&&((o=gform.hooks[r][o]).sort(function(o,r){return o.priority-r.priority}),o.forEach(function(o){\"function\"!=typeof(t=o.callable)&&(t=window[t]),\"action\"==r?t.apply(null,e):e[0]=t.apply(null,e)})),\"filter\"==r)return e[0]},removeHook:function(o,r,t,n){var e;null!=gform.hooks[o][r]&&(e=(e=gform.hooks[o][r]).filter(function(o,r,e){return!!(null!=n&&n!=o.tag||null!=t&&t!=o.priority)}),gform.hooks[o][r]=e)}});\n<\/script>\n\n                <div class='gf_browser_gecko gform_wrapper gform_legacy_markup_wrapper gform-theme--no-framework' data-form-theme='legacy' data-form-index='0' id='gform_wrapper_5' style='display:none'><div id='gf_5' class='gform_anchor' tabindex='-1'><\/div><form method='post' enctype='multipart\/form-data' target='gform_ajax_frame_5' id='gform_5'  action='\/de\/wp-json\/wp\/v2\/pages\/4428#gf_5' data-formid='5' novalidate> \r\n <input type='hidden' class='gforms-pum' value='{\"closepopup\":false,\"closedelay\":0,\"openpopup\":false,\"openpopup_id\":0}' \/>\n                        <div class='gform-body gform_body'><ul id='gform_fields_5' class='gform_fields top_label form_sublabel_above description_below validation_below'><li id=\"field_5_24\" class=\"gfield gfield--type-honeypot gform_validation_container field_sublabel_above gfield--has-description field_description_below field_validation_below gfield_visibility_visible\"  ><label class='gfield_label gform-field-label' for='input_5_24'>X\/Twitter<\/label><div class='ginput_container'><input name='input_24' id='input_5_24' type='text' value='' autocomplete='new-password'\/><\/div><div class='gfield_description' id='gfield_description_5_24'>Dieses Feld dient zur Validierung und sollte nicht ver\u00e4ndert werden.<\/div><\/li><li id=\"field_5_1\" class=\"gfield gfield--type-name gfield_contains_required field_sublabel_above gfield--no-description field_description_below field_validation_below gfield_visibility_visible\"  ><label class='gfield_label gform-field-label gfield_label_before_complex' >Nachname<span class=\"gfield_required\"><span class=\"gfield_required gfield_required_asterisk\">*<\/span><\/span><\/label><div class='ginput_complex ginput_container ginput_container--name no_prefix has_first_name no_middle_name has_last_name no_suffix gf_name_has_2 ginput_container_name gform-grid-row' id='input_5_1'>\n                            \n                            <span id='input_5_1_3_container' class='name_first gform-grid-col gform-grid-col--size-auto' >\n                                                    <label for='input_5_1_3' class='gform-field-label gform-field-label--type-sub '>Vorname<\/label>\n                                                    <input type='text' name='input_1.3' id='input_5_1_3' value='' tabindex='50'  aria-required='true'   placeholder='Vorname'  \/>\n                                                <\/span>\n                            \n                            <span id='input_5_1_6_container' class='name_last gform-grid-col gform-grid-col--size-auto' >\n                                                            <label for='input_5_1_6' class='gform-field-label gform-field-label--type-sub '>Nachname<\/label>\n                                                            <input type='text' name='input_1.6' id='input_5_1_6' value='' tabindex='52'  aria-required='true'   placeholder='Letzte'  \/>\n                                                        <\/span>\n                            \n                        <\/div><\/li><li id=\"field_5_2\" class=\"gfield gfield--type-text gfield_contains_required field_sublabel_above gfield--no-description field_description_below field_validation_below gfield_visibility_visible\"  ><label class='gfield_label gform-field-label' for='input_5_2'>Organisation \/ Unternehmen<span class=\"gfield_required\"><span class=\"gfield_required gfield_required_asterisk\">*<\/span><\/span><\/label><div class='ginput_container ginput_container_text'><input name='input_2' id='input_5_2' type='text' value='' class='medium'   tabindex='54' placeholder='Name Ihrer Organisation' aria-required=\"true\" aria-invalid=\"false\"   \/><\/div><\/li><li id=\"field_5_3\" class=\"gfield gfield--type-phone gfield_contains_required field_sublabel_above gfield--no-description field_description_below field_validation_below gfield_visibility_visible\"  ><label class='gfield_label gform-field-label' for='input_5_3'>Telefon<span class=\"gfield_required\"><span class=\"gfield_required gfield_required_asterisk\">*<\/span><\/span><\/label><div class='ginput_container ginput_container_phone'><input name='input_3' id='input_5_3' type='tel' value='' class='small' tabindex='55' placeholder='Bitte geben Sie ihre Telefonnummer an, um Sie erreichen zu k\u00f6nnen' aria-required=\"true\" aria-invalid=\"false\"   \/><\/div><\/li><li id=\"field_5_4\" class=\"gfield gfield--type-email gfield_contains_required field_sublabel_above gfield--no-description field_description_below field_validation_below gfield_visibility_visible\"  ><label class='gfield_label gform-field-label' for='input_5_4'>E-Mail<span class=\"gfield_required\"><span class=\"gfield_required gfield_required_asterisk\">*<\/span><\/span><\/label><div class='ginput_container ginput_container_email'>\n                            <input name='input_4' id='input_5_4' type='email' value='' class='medium' tabindex='56'   aria-required=\"true\" aria-invalid=\"false\"  \/>\n                        <\/div><\/li><li id=\"field_5_13\" class=\"gfield gfield--type-section gsection field_sublabel_above gfield--no-description field_description_below field_validation_below gfield_visibility_visible\"  ><h2 class=\"gsection_title\">Produktbeschreibung<\/h2><\/li><li id=\"field_5_21\" class=\"gfield gfield--type-radio gfield--type-choice gfield_contains_required field_sublabel_above gfield--has-description field_description_below field_validation_below gfield_visibility_visible\"  ><label class='gfield_label gform-field-label' >Modell<span class=\"gfield_required\"><span class=\"gfield_required gfield_required_asterisk\">*<\/span><\/span><\/label><div class='ginput_container ginput_container_radio'><ul class='gfield_radio' id='input_5_21'>\n\t\t\t<li class='gchoice gchoice_5_21_0'>\n\t\t\t\t<input name='input_21' type='radio' value='GV10x'  id='choice_5_21_0' tabindex='57'   \/>\n\t\t\t\t<label for='choice_5_21_0' id='label_5_21_0' class='gform-field-label gform-field-label--type-inline'>GV10x<\/label>\n\t\t\t<\/li>\n\t\t\t<li class='gchoice gchoice_5_21_1'>\n\t\t\t\t<input name='input_21' type='radio' value='MCA'  id='choice_5_21_1' tabindex='58'   \/>\n\t\t\t\t<label for='choice_5_21_1' id='label_5_21_1' class='gform-field-label gform-field-label--type-inline'>Mobile Cubic Downstream Asher (MCA)<\/label>\n\t\t\t<\/li>\n\t\t\t<li class='gchoice gchoice_5_21_2'>\n\t\t\t\t<input name='input_21' type='radio' value='Chiaro'  id='choice_5_21_2' tabindex='59'   \/>\n\t\t\t\t<label for='choice_5_21_2' id='label_5_21_2' class='gform-field-label gform-field-label--type-inline'>Chiaro<\/label>\n\t\t\t<\/li>\n\t\t\t<li class='gchoice gchoice_5_21_3'>\n\t\t\t\t<input name='input_21' type='radio' value='GVGA'  id='choice_5_21_3' tabindex='60'   \/>\n\t\t\t\t<label for='choice_5_21_3' id='label_5_21_3' class='gform-field-label gform-field-label--type-inline'>GV\/GA<\/label>\n\t\t\t<\/li>\n\t\t\t<li class='gchoice gchoice_5_21_4'>\n\t\t\t\t<input name='input_21' type='radio' value='GV10xCF'  id='choice_5_21_4' tabindex='61'   \/>\n\t\t\t\t<label for='choice_5_21_4' id='label_5_21_4' class='gform-field-label gform-field-label--type-inline'>GV10xCF(ConFlat)<\/label>\n\t\t\t<\/li>\n\t\t\t<li class='gchoice gchoice_5_21_5'>\n\t\t\t\t<input name='input_21' type='radio' value='Andere'  id='choice_5_21_5' tabindex='62'   \/>\n\t\t\t\t<label for='choice_5_21_5' id='label_5_21_5' class='gform-field-label gform-field-label--type-inline'>Andere<\/label>\n\t\t\t<\/li><\/ul><\/div><div class='gfield_description' id='gfield_description_5_21'>W\u00e4hlen Sie das Produkt aus, das Sie registrieren m\u00f6chten.<\/div><\/li><li id=\"field_5_7\" class=\"gfield gfield--type-text gv10-field gfield_contains_required field_sublabel_above gfield--no-description field_description_below field_validation_below gfield_visibility_visible\"  ><label class='gfield_label gform-field-label' for='input_5_7'>Seriennummer<span class=\"gfield_required\"><span class=\"gfield_required gfield_required_asterisk\">*<\/span><\/span><\/label><div class='ginput_container ginput_container_text'><input name='input_7' id='input_5_7' type='text' value='' class='small'   tabindex='63' placeholder='Seriennummer' aria-required=\"true\" aria-invalid=\"false\"   \/><\/div><\/li><li id=\"field_5_8\" class=\"gfield gfield--type-text gv10-field field_sublabel_above gfield--no-description field_description_below field_validation_below gfield_visibility_visible\"  ><label class='gfield_label gform-field-label' for='input_5_8'>Steuerger\u00e4t-Nummer<\/label><div class='ginput_container ginput_container_text'><input name='input_8' id='input_5_8' type='text' value=' ' class='small'   tabindex='64' placeholder='Steuerger\u00e4t-Nummer (falls zutreffend)'  aria-invalid=\"false\"   \/><\/div><\/li><li id=\"field_5_17\" class=\"gfield gfield--type-text field_sublabel_above gfield--no-description field_description_below field_validation_below gfield_visibility_visible\"  ><label class='gfield_label gform-field-label' for='input_5_17'>GV10x Versions-Info (optional)<\/label><div class='ginput_container ginput_container_text'><input name='input_17' id='input_5_17' type='text' value='' class='medium'   tabindex='65'   aria-invalid=\"false\"   \/><\/div><\/li><li id=\"field_5_22\" class=\"gfield gfield--type-radio gfield--type-choice gfield--width-full field_sublabel_above gfield--has-description field_description_below field_validation_below gfield_visibility_visible\"  ><label class='gfield_label gform-field-label' >Please select your preferred humanitarian organization<\/label><div class='ginput_container ginput_container_radio'><ul class='gfield_radio' id='input_5_22'>\n\t\t\t<li class='gchoice gchoice_5_22_0'>\n\t\t\t\t<input name='input_22' type='radio' value='USA UNHCR'  id='choice_5_22_0' tabindex='66'   \/>\n\t\t\t\t<label for='choice_5_22_0' id='label_5_22_0' class='gform-field-label gform-field-label--type-inline'>USA UNHCR<\/label>\n\t\t\t<\/li>\n\t\t\t<li class='gchoice gchoice_5_22_1'>\n\t\t\t\t<input name='input_22' type='radio' value='Nova Ukraine'  id='choice_5_22_1' tabindex='67'   \/>\n\t\t\t\t<label for='choice_5_22_1' id='label_5_22_1' class='gform-field-label gform-field-label--type-inline'>Nova Ukraine<\/label>\n\t\t\t<\/li>\n\t\t\t<li class='gchoice gchoice_5_22_2'>\n\t\t\t\t<input name='input_22' type='radio' value='Unisef USA'  id='choice_5_22_2' tabindex='68'   \/>\n\t\t\t\t<label for='choice_5_22_2' id='label_5_22_2' class='gform-field-label gform-field-label--type-inline'>Unisef USA<\/label>\n\t\t\t<\/li><\/ul><\/div><div class='gfield_description' id='gfield_description_5_22'>For each sale, we will donate 5% of our profit to a\nhumanitarian organization above.<\/div><\/li><li id=\"field_5_23\" class=\"gfield gfield--type-html gfield--width-full gfield_html gfield_html_formatted field_sublabel_above gfield--no-description field_description_below field_validation_below gfield_visibility_visible\"  ><img decoding=\"async\" src=\"\/wp-content\/uploads\/2022\/04\/charitable-organizations-for-ukraine.png\" title=\"ibss stands with Ukraine\" alt=\"ibss stands with Ukraine\" style=\"height: 80px  !important; height: auto;\"> <\/li><li id=\"field_5_6\" class=\"gfield gfield--type-textarea field_sublabel_above gfield--no-description field_description_below field_validation_below gfield_visibility_visible\"  ><label class='gfield_label gform-field-label' for='input_5_6'>Zus\u00e4tzliche Kommentare<\/label><div class='ginput_container ginput_container_textarea'><textarea name='input_6' id='input_5_6' class='textarea medium' tabindex='69'   placeholder='Bitte geben Sie Feedback oder Kommentare, die Sie in Ihre Produktregistrierung aufnehmen m\u00f6chten.'  aria-invalid=\"false\"   rows='10' cols='50'><\/textarea><\/div><\/li><\/ul><\/div>\n        <div class='gform-footer gform_footer top_label'> <input type='submit' id='gform_submit_button_5' class='gform_button button' onclick='gform.submission.handleButtonClick(this);' data-submission-type='submit' value='Registrierung abschicken' tabindex='70' \/> <input type='hidden' name='gform_ajax' value='form_id=5&amp;title=&amp;description=&amp;tabindex=49&amp;theme=legacy&amp;styles=[]&amp;hash=a33cfce4fd180781faf12d4f8bffd26f' \/>\n            <input type='hidden' class='gform_hidden' name='gform_submission_method' data-js='gform_submission_method_5' value='iframe' \/>\n            <input type='hidden' class='gform_hidden' name='gform_theme' data-js='gform_theme_5' id='gform_theme_5' value='legacy' \/>\n            <input type='hidden' class='gform_hidden' name='gform_style_settings' data-js='gform_style_settings_5' id='gform_style_settings_5' value='[]' \/>\n            <input type='hidden' class='gform_hidden' name='is_submit_5' value='1' \/>\n            <input type='hidden' class='gform_hidden' name='gform_submit' value='5' \/>\n            \n            <input type='hidden' class='gform_hidden' name='gform_currency' data-currency='USD' value='Ocm6v4PAnGooQiKFOvJGetR956k4O8IU+s7KNIs8z2xv6chaw9dHppv7fvYHWB0DpMdGS3bj8OpcMbG84Wjf604SrA7d\/bB5m74IyLTPWSfAi8E=' \/>\n            <input type='hidden' class='gform_hidden' name='gform_unique_id' value='' \/>\n            <input type='hidden' class='gform_hidden' name='state_5' value='WyJ7XCIyMlwiOltcImJiYmJlNTk5ZGFjMmFhMjRlZmE5OWRlZmIxY2JlZTBhXCIsXCJkZjRhOTZhMGRhODNiYTM2OTdjM2Y0MmI4Njg4NjQ5MFwiLFwiOGIzYjVlMTllN2ZjOWNmODQ4MGQxYzdhYzUwOTQ3MGFcIl19IiwiZjA4YjRiOTQ0MDc5ZDFhY2NkOWUyZWQwN2M3ZWJjYjEiXQ==' \/>\n            <input type='hidden' autocomplete='off' class='gform_hidden' name='gform_target_page_number_5' id='gform_target_page_number_5' value='0' \/>\n            <input type='hidden' autocomplete='off' class='gform_hidden' name='gform_source_page_number_5' id='gform_source_page_number_5' value='1' \/>\n            <input type='hidden' name='gform_field_values' value='' \/>\n            \n        <\/div>\n                        <p style=\"display: none !important;\" class=\"akismet-fields-container\" data-prefix=\"ak_\"><label>&#916;<textarea name=\"ak_hp_textarea\" cols=\"45\" rows=\"8\" maxlength=\"100\"><\/textarea><\/label><input type=\"hidden\" id=\"ak_js_1\" name=\"ak_js\" value=\"231\"\/><script>document.getElementById( \"ak_js_1\" ).setAttribute( \"value\", ( new Date() ).getTime() );<\/script><\/p><\/form>\n                        <\/div>\n\t\t                <iframe style='display:none;width:0px;height:0px;' src='about:blank' name='gform_ajax_frame_5' id='gform_ajax_frame_5' title='Dieser iframe enth\u00e4lt die erforderliche Logik um Gravity Forms Formulare mit AJAX zu handhaben.'><\/iframe>\n\t\t                <script>\ngform.initializeOnLoaded( function() {gformInitSpinner( 5, 'https:\/\/ibssgroup.com\/wp-content\/plugins\/gravityforms\/images\/spinner.svg', true );jQuery('#gform_ajax_frame_5').on('load',function(){var contents = jQuery(this).contents().find('*').html();var is_postback = contents.indexOf('GF_AJAX_POSTBACK') >= 0;if(!is_postback){return;}var form_content = jQuery(this).contents().find('#gform_wrapper_5');var is_confirmation = jQuery(this).contents().find('#gform_confirmation_wrapper_5').length > 0;var is_redirect = contents.indexOf('gformRedirect(){') >= 0;var is_form = form_content.length > 0 && ! is_redirect && ! is_confirmation;var mt = parseInt(jQuery('html').css('margin-top'), 10) + parseInt(jQuery('body').css('margin-top'), 10) + 100;if(is_form){form_content.find('form').css('opacity', 0);jQuery('#gform_wrapper_5').html(form_content.html());if(form_content.hasClass('gform_validation_error')){jQuery('#gform_wrapper_5').addClass('gform_validation_error');} else {jQuery('#gform_wrapper_5').removeClass('gform_validation_error');}setTimeout( function() { \/* delay the scroll by 50 milliseconds to fix a bug in chrome *\/ jQuery(document).scrollTop(jQuery('#gform_wrapper_5').offset().top - mt); }, 50 );if(window['gformInitDatepicker']) {gformInitDatepicker();}if(window['gformInitPriceFields']) {gformInitPriceFields();}var current_page = jQuery('#gform_source_page_number_5').val();gformInitSpinner( 5, 'https:\/\/ibssgroup.com\/wp-content\/plugins\/gravityforms\/images\/spinner.svg', true );jQuery(document).trigger('gform_page_loaded', [5, current_page]);window['gf_submitting_5'] = false;}else if(!is_redirect){var confirmation_content = jQuery(this).contents().find('.GF_AJAX_POSTBACK').html();if(!confirmation_content){confirmation_content = contents;}jQuery('#gform_wrapper_5').replaceWith(confirmation_content);jQuery(document).scrollTop(jQuery('#gf_5').offset().top - mt);jQuery(document).trigger('gform_confirmation_loaded', [5]);window['gf_submitting_5'] = false;wp.a11y.speak(jQuery('#gform_confirmation_message_5').text());}else{jQuery('#gform_5').append(contents);if(window['gformRedirect']) {gformRedirect();}}jQuery(document).trigger(\"gform_pre_post_render\", [{ formId: \"5\", currentPage: \"current_page\", abort: function() { this.preventDefault(); } }]);        if (event && event.defaultPrevented) {                return;        }        const gformWrapperDiv = document.getElementById( \"gform_wrapper_5\" );        if ( gformWrapperDiv ) {            const visibilitySpan = document.createElement( \"span\" );            visibilitySpan.id = \"gform_visibility_test_5\";            gformWrapperDiv.insertAdjacentElement( \"afterend\", visibilitySpan );        }        const visibilityTestDiv = document.getElementById( \"gform_visibility_test_5\" );        let postRenderFired = false;        function triggerPostRender() {            if ( postRenderFired ) {                return;            }            postRenderFired = true;            gform.core.triggerPostRenderEvents( 5, current_page );            if ( visibilityTestDiv ) {                visibilityTestDiv.parentNode.removeChild( visibilityTestDiv );            }        }        function debounce( func, wait, immediate ) {            var timeout;            return function() {                var context = this, args = arguments;                var later = function() {                    timeout = null;                    if ( !immediate ) func.apply( context, args );                };                var callNow = immediate && !timeout;                clearTimeout( timeout );                timeout = setTimeout( later, wait );                if ( callNow ) func.apply( context, args );            };        }        const debouncedTriggerPostRender = debounce( function() {            triggerPostRender();        }, 200 );        if ( visibilityTestDiv && visibilityTestDiv.offsetParent === null ) {            const observer = new MutationObserver( ( mutations ) => {                mutations.forEach( ( mutation ) => {                    if ( mutation.type === 'attributes' && visibilityTestDiv.offsetParent !== null ) {                        debouncedTriggerPostRender();                        observer.disconnect();                    }                });            });            observer.observe( document.body, {                attributes: true,                childList: false,                subtree: true,                attributeFilter: [ 'style', 'class' ],            });        } else {            triggerPostRender();        }    } );} );\n<\/script>\n\n<p>Registrieren Sie Ihr k\u00fcrzlich erworbenes Ibss Group, Inc.-Produkt. Die Produktregistrierung erm\u00f6glicht es ibss, Software-Updates zu senden und bei Bedarf schnellen Support zu bieten. <\/p>\n<p>F\u00fcr diesen Prozess ben\u00f6tigen Sie die Seriennummer(n) des Produkts. <\/p>\n<p>Vielen Dank<\/p>\n<p>ibss Group, Inc. Support-Team<\/p>\n","protected":false},"excerpt":{"rendered":"<p>Registrierung Registrieren Sie Ihr k\u00fcrzlich erworbenes Ibss Group, Inc.-Produkt. Die Produktregistrierung erm\u00f6glicht es ibss, Software-Updates zu senden und bei Bedarf schnellen Support zu bieten. F\u00fcr diesen Prozess ben\u00f6tigen Sie die Seriennummer(n) des Produkts. Vielen Dank ibss Group, Inc. Support-Team<\/p>\n","protected":false},"author":11,"featured_media":0,"parent":0,"menu_order":0,"comment_status":"closed","ping_status":"closed","template":"","meta":{"_acf_changed":false,"_uag_custom_page_level_css":"","_exactmetrics_skip_tracking":false,"_exactmetrics_sitenote_active":false,"_exactmetrics_sitenote_note":"","_exactmetrics_sitenote_category":0,"site-sidebar-layout":"no-sidebar","site-content-layout":"page-builder","ast-site-content-layout":"full-width-container","site-content-style":"unboxed","site-sidebar-style":"unboxed","ast-global-header-display":"","ast-banner-title-visibility":"","ast-main-header-display":"","ast-hfb-above-header-display":"","ast-hfb-below-header-display":"","ast-hfb-mobile-header-display":"","site-post-title":"disabled","ast-breadcrumbs-content":"","ast-featured-img":"disabled","footer-sml-layout":"","ast-disable-related-posts":"","theme-transparent-header-meta":"default","adv-header-id-meta":"","stick-header-meta":"","header-above-stick-meta":"","header-main-stick-meta":"","header-below-stick-meta":"","astra-migrate-meta-layouts":"default","ast-page-background-enabled":"default","ast-page-background-meta":{"desktop":{"background-color":"","background-image":"","background-repeat":"repeat","background-position":"center center","background-size":"auto","background-attachment":"scroll","background-type":"","background-media":"","overlay-type":"","overlay-color":"","overlay-opacity":"","overlay-gradient":""},"tablet":{"background-color":"","background-image":"","background-repeat":"repeat","background-position":"center center","background-size":"auto","background-attachment":"scroll","background-type":"","background-media":"","overlay-type":"","overlay-color":"","overlay-opacity":"","overlay-gradient":""},"mobile":{"background-color":"","background-image":"","background-repeat":"repeat","background-position":"center center","background-size":"auto","background-attachment":"scroll","background-type":"","background-media":"","overlay-type":"","overlay-color":"","overlay-opacity":"","overlay-gradient":""}},"ast-content-background-meta":{"desktop":{"background-color":"var(--ast-global-color-5)","background-image":"","background-repeat":"repeat","background-position":"center center","background-size":"auto","background-attachment":"scroll","background-type":"","background-media":"","overlay-type":"","overlay-color":"","overlay-opacity":"","overlay-gradient":""},"tablet":{"background-color":"var(--ast-global-color-5)","background-image":"","background-repeat":"repeat","background-position":"center center","background-size":"auto","background-attachment":"scroll","background-type":"","background-media":"","overlay-type":"","overlay-color":"","overlay-opacity":"","overlay-gradient":""},"mobile":{"background-color":"var(--ast-global-color-5)","background-image":"","background-repeat":"repeat","background-position":"center center","background-size":"auto","background-attachment":"scroll","background-type":"","background-media":"","overlay-type":"","overlay-color":"","overlay-opacity":"","overlay-gradient":""}},"footnotes":""},"class_list":["post-4428","page","type-page","status-publish","hentry"],"acf":[],"uagb_featured_image_src":{"full":false,"thumbnail":false,"medium":false,"medium_large":false,"large":false,"1536x1536":false,"2048x2048":false,"widget-thumbnail":false,"gform-image-choice-sm":false,"gform-image-choice-md":false,"gform-image-choice-lg":false},"uagb_author_info":{"display_name":"Ron Snow","author_link":"https:\/\/ibssgroup.com\/de\/author\/developer\/"},"uagb_comment_info":0,"uagb_excerpt":"Registrierung Registrieren Sie Ihr k\u00fcrzlich erworbenes Ibss Group, Inc.-Produkt. Die Produktregistrierung erm\u00f6glicht es ibss, Software-Updates zu senden und bei Bedarf schnellen Support zu bieten. F\u00fcr diesen Prozess ben\u00f6tigen Sie die Seriennummer(n) des Produkts. Vielen Dank ibss Group, Inc. Support-Team","_links":{"self":[{"href":"https:\/\/ibssgroup.com\/de\/wp-json\/wp\/v2\/pages\/4428","targetHints":{"allow":["GET"]}}],"collection":[{"href":"https:\/\/ibssgroup.com\/de\/wp-json\/wp\/v2\/pages"}],"about":[{"href":"https:\/\/ibssgroup.com\/de\/wp-json\/wp\/v2\/types\/page"}],"author":[{"embeddable":true,"href":"https:\/\/ibssgroup.com\/de\/wp-json\/wp\/v2\/users\/11"}],"replies":[{"embeddable":true,"href":"https:\/\/ibssgroup.com\/de\/wp-json\/wp\/v2\/comments?post=4428"}],"version-history":[{"count":0,"href":"https:\/\/ibssgroup.com\/de\/wp-json\/wp\/v2\/pages\/4428\/revisions"}],"wp:attachment":[{"href":"https:\/\/ibssgroup.com\/de\/wp-json\/wp\/v2\/media?parent=4428"}],"curies":[{"name":"wp","href":"https:\/\/api.w.org\/{rel}","templated":true}]}}