{"id":4084,"date":"2020-05-23T20:14:14","date_gmt":"2020-05-24T04:14:14","guid":{"rendered":"https:\/\/ibssgroup.com\/firma\/"},"modified":"2020-08-26T18:55:06","modified_gmt":"2020-08-27T02:55:06","slug":"company","status":"publish","type":"page","link":"https:\/\/ibssgroup.com\/de\/company\/","title":{"rendered":"Firma"},"content":{"rendered":"\t\t<div data-elementor-type=\"wp-post\" data-elementor-id=\"4084\" class=\"elementor elementor-4084 elementor-3910\" data-elementor-post-type=\"page\">\n\t\t\t\t\t\t<section class=\"elementor-section elementor-top-section elementor-element elementor-element-7e83a33 elementor-section-boxed elementor-section-height-default elementor-section-height-default\" data-id=\"7e83a33\" data-element_type=\"section\" data-e-type=\"section\" data-settings=\"{&quot;background_background&quot;:&quot;classic&quot;}\">\n\t\t\t\t\t\t\t<div class=\"elementor-background-overlay\"><\/div>\n\t\t\t\t\t\t\t<div class=\"elementor-container elementor-column-gap-default\">\n\t\t\t\t\t<div class=\"elementor-column elementor-col-100 elementor-top-column elementor-element elementor-element-11ff6d1\" data-id=\"11ff6d1\" data-element_type=\"column\" data-e-type=\"column\">\n\t\t\t<div class=\"elementor-widget-wrap elementor-element-populated\">\n\t\t\t\t\t\t<div class=\"elementor-element elementor-element-f688ee0 elementor-widget elementor-widget-theme-post-title elementor-page-title elementor-widget-heading\" data-id=\"f688ee0\" data-element_type=\"widget\" data-e-type=\"widget\" data-widget_type=\"theme-post-title.default\">\n\t\t\t\t<div class=\"elementor-widget-container\">\n\t\t\t\t\t<h1 class=\"elementor-heading-title elementor-size-default\">Firma<\/h1>\t\t\t\t<\/div>\n\t\t\t\t<\/div>\n\t\t\t\t\t<\/div>\n\t\t<\/div>\n\t\t\t\t\t<\/div>\n\t\t<\/section>\n\t\t\t\t<section class=\"elementor-section elementor-top-section elementor-element elementor-element-278952c elementor-section-boxed elementor-section-height-default elementor-section-height-default\" data-id=\"278952c\" data-element_type=\"section\" data-e-type=\"section\">\n\t\t\t\t\t\t<div class=\"elementor-container elementor-column-gap-default\">\n\t\t\t\t\t<div class=\"elementor-column elementor-col-100 elementor-top-column elementor-element elementor-element-5f9849a\" data-id=\"5f9849a\" data-element_type=\"column\" data-e-type=\"column\">\n\t\t\t<div class=\"elementor-widget-wrap elementor-element-populated\">\n\t\t\t\t\t\t<div class=\"elementor-element elementor-element-5d9ff24 elementor-widget elementor-widget-heading\" data-id=\"5d9ff24\" data-element_type=\"widget\" data-e-type=\"widget\" data-widget_type=\"heading.default\">\n\t\t\t\t<div class=\"elementor-widget-container\">\n\t\t\t\t\t<h2 class=\"elementor-heading-title elementor-size-default\">Umsetzung brillanter Ideen in erschwingliche Laborger\u00e4te<\/h2>\t\t\t\t<\/div>\n\t\t\t\t<\/div>\n\t\t\t\t\t<\/div>\n\t\t<\/div>\n\t\t\t\t\t<\/div>\n\t\t<\/section>\n\t\t\t\t<section class=\"elementor-section elementor-top-section elementor-element elementor-element-07f751d elementor-section-boxed elementor-section-height-default elementor-section-height-default\" data-id=\"07f751d\" data-element_type=\"section\" data-e-type=\"section\">\n\t\t\t\t\t\t<div class=\"elementor-container elementor-column-gap-default\">\n\t\t\t\t\t<div class=\"elementor-column elementor-col-100 elementor-top-column elementor-element elementor-element-0ae2681\" data-id=\"0ae2681\" data-element_type=\"column\" data-e-type=\"column\">\n\t\t\t<div class=\"elementor-widget-wrap elementor-element-populated\">\n\t\t\t\t\t\t<div class=\"elementor-element elementor-element-eca82cf elementor-widget elementor-widget-text-editor\" data-id=\"eca82cf\" data-element_type=\"widget\" data-e-type=\"widget\" data-widget_type=\"text-editor.default\">\n\t\t\t\t<div class=\"elementor-widget-container\">\n\t\t\t\t\t\t\t\t\t<p>ibss Group, Inc.<\/p>\n\t\t\t\t\t\t\t\t<\/div>\n\t\t\t\t<\/div>\n\t\t\t\t\t<\/div>\n\t\t<\/div>\n\t\t\t\t\t<\/div>\n\t\t<\/section>\n\t\t\t\t<section class=\"elementor-section elementor-top-section elementor-element elementor-element-bea0388 elementor-section-boxed elementor-section-height-default elementor-section-height-default\" data-id=\"bea0388\" data-element_type=\"section\" data-e-type=\"section\">\n\t\t\t\t\t\t<div class=\"elementor-container elementor-column-gap-default\">\n\t\t\t\t\t<div class=\"elementor-column elementor-col-100 elementor-top-column elementor-element elementor-element-2515380\" data-id=\"2515380\" data-element_type=\"column\" data-e-type=\"column\">\n\t\t\t<div class=\"elementor-widget-wrap elementor-element-populated\">\n\t\t\t\t\t\t<div class=\"elementor-element elementor-element-6010ed3 elementor-widget elementor-widget-text-editor\" data-id=\"6010ed3\" data-element_type=\"widget\" data-e-type=\"widget\" data-widget_type=\"text-editor.default\">\n\t\t\t\t<div class=\"elementor-widget-container\">\n\t\t\t\t\t\t\t\t\t<p><a href=\"\/wp-content\/uploads\/2015\/05\/img-11.jpg\"><img fetchpriority=\"high\" decoding=\"async\" class=\"alignright wp-image-54\" src=\"\/wp-content\/uploads\/2015\/05\/img-11-286x300.jpg\" alt=\"\" width=\"304\" height=\"318\" srcset=\"https:\/\/ibssgroup.com\/wp-content\/uploads\/2015\/05\/img-11-286x300.jpg 286w, https:\/\/ibssgroup.com\/wp-content\/uploads\/2015\/05\/img-11.jpg 570w\" sizes=\"(max-width: 304px) 100vw, 304px\" \/><\/a><\/p>\n<p>Die ibss Group, Inc. wurde 2002 von Vince Carlino gegr\u00fcndet, um feldfreie Ionenstrahlsysteme (IBS) f\u00fcr die Vorbereitung von ElektronenMikroskop (EM)-Proben weiterzuentwickeln. Das IBS-System und der von der VCR Group entwickelte Dimpler\u2122, setzten den Standard f\u00fcr die Probenbeschichtung und -aufbereitung. <\/p>\n<p>2003 entwickelte die ibss Group, ein Ger\u00e4t zur Verringerung der Kohlenwasserstoffverschmutzung f\u00fcr Rasterelektronenmikroskope durch Remote- oder Downstream-Oxidation (DS). Carlino \u00fcbernahm die Verantwortung f\u00fcr den internationalen Vertrieb, um den innovativen Plasmaprozess zur Entfernung von Verunreinigungen durch gasf\u00f6rmige Kohlenwasserstoffe in Elektronenstrahlinstrumente, weltweit einzuf\u00fchren.<\/p>\n<p>2007 begann die Zusammenarbeit der ibss Group mit dem Erfinder der einzigartigen, patentierten Plasmaquelle. wodurch sie den GV10x entwickelte und produzierte,- ein Meilenstein bei der Entwicklung von in-situ Downstream-Plasma-Ashern. Der GV10x Downstream-Asher ist preisg\u00fcnstiger als Konkurenzger\u00e4te und reduziert die Kohlenstoff- und Kohlenwasserstoffverunreinigung 10- bis 20-mal effektiver als herk\u00f6mmliche Vakuumdruckmethoden, sicher genug f\u00fcr die Benutzung im TMP-Betrieb.<\/p>\n<p><span style=\"font-size: 15px;\">Heutzutage werden die erweiterten GV10x-Modelle und verwandte Produkte der ibss Group von Kunden in EM- und Synchrotronlaboren weltweit mit gr\u00f6\u00dfter Zufriedenheit eingesetzt. Um die Qualit\u00e4t und Sicherheit f\u00fcr die Nutzer zu gew\u00e4hrleisten, erf\u00fcllen ibss-Produkte CE-, KC-, CB- und RoHS Anforderungen\/Standarts. Dar\u00fcber hinaus wurde der GV10x f\u00fcr den Einsatz in seinem gesamten Leistungsbereich (10 bis 99 Watt) in Japan zugelassen, obwohl das japanische Funkgesetz normalerweise eine Obergrenze von 49 Watt vorschreibt.<\/span><\/p>\n<p>Trotz der vielen Errungenschaften setzt die ibss Group ihre Forschung und Entwicklung, um neue M\u00f6glichkeiten und Innovationen auf den Markt zu bringen, fort.<\/p>\n<p><span style=\"font-size: 15px;\">ibss Group, Inc.<\/span><\/p>\n\t\t\t\t\t\t\t\t<\/div>\n\t\t\t\t<\/div>\n\t\t\t\t\t<\/div>\n\t\t<\/div>\n\t\t\t\t\t<\/div>\n\t\t<\/section>\n\t\t\t\t<section class=\"elementor-section elementor-top-section elementor-element elementor-element-4d79f98 elementor-section-boxed elementor-section-height-default elementor-section-height-default\" data-id=\"4d79f98\" data-element_type=\"section\" data-e-type=\"section\" data-settings=\"{&quot;shape_divider_top&quot;:&quot;pyramids&quot;,&quot;shape_divider_bottom&quot;:&quot;pyramids&quot;}\">\n\t\t\t\t\t<div class=\"elementor-shape elementor-shape-top\" aria-hidden=\"true\" data-negative=\"false\">\n\t\t\t<svg xmlns=\"http:\/\/www.w3.org\/2000\/svg\" viewBox=\"0 0 1000 100\" preserveAspectRatio=\"none\">\n\t<path class=\"elementor-shape-fill\" d=\"M761.9,44.1L643.1,27.2L333.8,98L0,3.8V0l1000,0v3.9\"\/>\n<\/svg>\t\t<\/div>\n\t\t\t\t<div class=\"elementor-shape elementor-shape-bottom\" aria-hidden=\"true\" data-negative=\"false\">\n\t\t\t<svg xmlns=\"http:\/\/www.w3.org\/2000\/svg\" viewBox=\"0 0 1000 100\" preserveAspectRatio=\"none\">\n\t<path class=\"elementor-shape-fill\" d=\"M761.9,44.1L643.1,27.2L333.8,98L0,3.8V0l1000,0v3.9\"\/>\n<\/svg>\t\t<\/div>\n\t\t\t\t\t<div class=\"elementor-container elementor-column-gap-default\">\n\t\t\t\t\t<div class=\"elementor-column elementor-col-100 elementor-top-column elementor-element elementor-element-76372f5\" data-id=\"76372f5\" data-element_type=\"column\" data-e-type=\"column\">\n\t\t\t<div class=\"elementor-widget-wrap elementor-element-populated\">\n\t\t\t\t\t\t<div class=\"elementor-element elementor-element-d7a6a49 elementor-widget elementor-widget-testimonial\" data-id=\"d7a6a49\" data-element_type=\"widget\" data-e-type=\"widget\" data-widget_type=\"testimonial.default\">\n\t\t\t\t<div class=\"elementor-widget-container\">\n\t\t\t\t\t\t\t<div class=\"elementor-testimonial-wrapper\">\n\t\t\t\n\t\t\t\t\t\t<div class=\"elementor-testimonial-meta\">\n\t\t\t\t<div class=\"elementor-testimonial-meta-inner\">\n\t\t\t\t\t\n\t\t\t\t\t\t\t\t\t\t<div class=\"elementor-testimonial-details\">\n\t\t\t\t\t\t\t\t\t\t\t\t\t\t<div class=\"elementor-testimonial-name\"><div class=\"strong-view strong-widget strong-view-id-1 small-widget wpmtst-small-widget\" data-count=\"1\"><div class=\"strong-content strong-normal columns-1\"><div class=\"wpmtst-testimonial testimonial excerpt post-2294\"><div class=\"wpmtst-testimonial-inner testimonial-inner\"><h3 class=\"wpmtst-testimonial-heading testimonial-heading\">Deutlich reduzierte Reinigungszeiten<\/h3><div class=\"wpmtst-testimonial-content testimonial-content\"><div class=\"wpmtst-testimonial-image testimonial-image\"><img alt='' src='https:\/\/secure.gravatar.com\/avatar\/?s=180&#038;d=mm&#038;r=g' srcset='https:\/\/secure.gravatar.com\/avatar\/?s=360&#038;d=mm&#038;r=g 2x' class='avatar avatar-180 photo avatar-default' height='180' width='180' \/><\/div><div class=\"maybe-clear\"><\/div><p>Die Reinigungsraten waren so hoch, dass die Ablagerungen schneller als erwartet entfernt wurden&#8230; es wird deutlich, dass die Kohlenstoffreinigung im Fall des GV10x&#8230; viel effizienter ist.<\/p><\/div><div class=\"wpmtst-testimonial-field testimonial-field testimonial-company\">Cells Alba Synchrotron Light Facility<\/div><div class=\"clear\"><\/div><\/div><\/div><\/div><\/div><\/div>\n\t\t\t\t\t\t\t\t\t\t\t\t\t\t\t\t\t\t\t<\/div>\n\t\t\t\t\t\t\t\t\t<\/div>\n\t\t\t<\/div>\n\t\t\t\t\t<\/div>\n\t\t\t\t\t\t<\/div>\n\t\t\t\t<\/div>\n\t\t\t\t\t<\/div>\n\t\t<\/div>\n\t\t\t\t\t<\/div>\n\t\t<\/section>\n\t\t\t\t<\/div>\n\t\t","protected":false},"excerpt":{"rendered":"<p>Umsetzung brillanter Ideen in erschwingliche Laborger\u00e4te ibss Group, Inc. Die ibss Group, Inc. wurde 2002 von Vince Carlino gegr\u00fcndet, um feldfreie Ionenstrahlsysteme (IBS) f\u00fcr die Vorbereitung von ElektronenMikroskop (EM)-Proben weiterzuentwickeln. Das IBS-System und der von der VCR Group entwickelte Dimpler\u2122, setzten den Standard f\u00fcr die Probenbeschichtung und -aufbereitung. 2003 entwickelte die ibss Group, ein Ger\u00e4t<a href=\"https:\/\/ibssgroup.com\/de\/company\/\" class=\"readmore\">Read more<span class=\"screen-reader-text\"> &#8222;Firma&#8220;<\/span><\/a><\/p>\n","protected":false},"author":11,"featured_media":0,"parent":0,"menu_order":0,"comment_status":"closed","ping_status":"closed","template":"","meta":{"_acf_changed":false,"_uag_custom_page_level_css":"","_exactmetrics_skip_tracking":false,"_exactmetrics_sitenote_active":false,"_exactmetrics_sitenote_note":"","_exactmetrics_sitenote_category":0,"site-sidebar-layout":"no-sidebar","site-content-layout":"page-builder","ast-site-content-layout":"default","site-content-style":"default","site-sidebar-style":"default","ast-global-header-display":"","ast-banner-title-visibility":"","ast-main-header-display":"","ast-hfb-above-header-display":"","ast-hfb-below-header-display":"","ast-hfb-mobile-header-display":"","site-post-title":"disabled","ast-breadcrumbs-content":"","ast-featured-img":"disabled","footer-sml-layout":"","ast-disable-related-posts":"","theme-transparent-header-meta":"default","adv-header-id-meta":"","stick-header-meta":"","header-above-stick-meta":"","header-main-stick-meta":"","header-below-stick-meta":"","astra-migrate-meta-layouts":"default","ast-page-background-enabled":"default","ast-page-background-meta":{"desktop":{"background-color":"","background-image":"","background-repeat":"repeat","background-position":"center center","background-size":"auto","background-attachment":"scroll","background-type":"","background-media":"","overlay-type":"","overlay-color":"","overlay-opacity":"","overlay-gradient":""},"tablet":{"background-color":"","background-image":"","background-repeat":"repeat","background-position":"center center","background-size":"auto","background-attachment":"scroll","background-type":"","background-media":"","overlay-type":"","overlay-color":"","overlay-opacity":"","overlay-gradient":""},"mobile":{"background-color":"","background-image":"","background-repeat":"repeat","background-position":"center center","background-size":"auto","background-attachment":"scroll","background-type":"","background-media":"","overlay-type":"","overlay-color":"","overlay-opacity":"","overlay-gradient":""}},"ast-content-background-meta":{"desktop":{"background-color":"var(--ast-global-color-5)","background-image":"","background-repeat":"repeat","background-position":"center center","background-size":"auto","background-attachment":"scroll","background-type":"","background-media":"","overlay-type":"","overlay-color":"","overlay-opacity":"","overlay-gradient":""},"tablet":{"background-color":"var(--ast-global-color-5)","background-image":"","background-repeat":"repeat","background-position":"center center","background-size":"auto","background-attachment":"scroll","background-type":"","background-media":"","overlay-type":"","overlay-color":"","overlay-opacity":"","overlay-gradient":""},"mobile":{"background-color":"var(--ast-global-color-5)","background-image":"","background-repeat":"repeat","background-position":"center center","background-size":"auto","background-attachment":"scroll","background-type":"","background-media":"","overlay-type":"","overlay-color":"","overlay-opacity":"","overlay-gradient":""}},"footnotes":""},"class_list":["post-4084","page","type-page","status-publish","hentry"],"acf":[],"uagb_featured_image_src":{"full":false,"thumbnail":false,"medium":false,"medium_large":false,"large":false,"1536x1536":false,"2048x2048":false,"widget-thumbnail":false,"gform-image-choice-sm":false,"gform-image-choice-md":false,"gform-image-choice-lg":false},"uagb_author_info":{"display_name":"Ron Snow","author_link":"https:\/\/ibssgroup.com\/de\/author\/developer\/"},"uagb_comment_info":0,"uagb_excerpt":"Umsetzung brillanter Ideen in erschwingliche Laborger\u00e4te ibss Group, Inc. Die ibss Group, Inc. wurde 2002 von Vince Carlino gegr\u00fcndet, um feldfreie Ionenstrahlsysteme (IBS) f\u00fcr die Vorbereitung von ElektronenMikroskop (EM)-Proben weiterzuentwickeln. Das IBS-System und der von der VCR Group entwickelte Dimpler\u2122, setzten den Standard f\u00fcr die Probenbeschichtung und -aufbereitung. 2003 entwickelte die ibss Group, ein Ger\u00e4tRead&hellip;","_links":{"self":[{"href":"https:\/\/ibssgroup.com\/de\/wp-json\/wp\/v2\/pages\/4084","targetHints":{"allow":["GET"]}}],"collection":[{"href":"https:\/\/ibssgroup.com\/de\/wp-json\/wp\/v2\/pages"}],"about":[{"href":"https:\/\/ibssgroup.com\/de\/wp-json\/wp\/v2\/types\/page"}],"author":[{"embeddable":true,"href":"https:\/\/ibssgroup.com\/de\/wp-json\/wp\/v2\/users\/11"}],"replies":[{"embeddable":true,"href":"https:\/\/ibssgroup.com\/de\/wp-json\/wp\/v2\/comments?post=4084"}],"version-history":[{"count":0,"href":"https:\/\/ibssgroup.com\/de\/wp-json\/wp\/v2\/pages\/4084\/revisions"}],"wp:attachment":[{"href":"https:\/\/ibssgroup.com\/de\/wp-json\/wp\/v2\/media?parent=4084"}],"curies":[{"name":"wp","href":"https:\/\/api.w.org\/{rel}","templated":true}]}}