{"id":4058,"date":"2020-04-27T18:34:56","date_gmt":"2020-04-28T02:34:56","guid":{"rendered":"https:\/\/ibssgroup.com\/verwendung\/"},"modified":"2020-06-22T14:43:40","modified_gmt":"2020-06-22T22:43:40","slug":"verwendung","status":"publish","type":"page","link":"https:\/\/ibssgroup.com\/de\/verwendung\/","title":{"rendered":"Anwendungen"},"content":{"rendered":"\t\t<div data-elementor-type=\"wp-post\" data-elementor-id=\"4058\" class=\"elementor elementor-4058 elementor-2476\" data-elementor-post-type=\"page\">\n\t\t\t\t\t\t<section class=\"elementor-section elementor-top-section elementor-element elementor-element-f0116f9 elementor-section-boxed elementor-section-height-default elementor-section-height-default\" data-id=\"f0116f9\" data-element_type=\"section\" data-e-type=\"section\" data-settings=\"{&quot;background_background&quot;:&quot;classic&quot;}\">\n\t\t\t\t\t\t\t<div class=\"elementor-background-overlay\"><\/div>\n\t\t\t\t\t\t\t<div class=\"elementor-container elementor-column-gap-default\">\n\t\t\t\t\t<div class=\"elementor-column elementor-col-100 elementor-top-column elementor-element elementor-element-d3710c5\" data-id=\"d3710c5\" data-element_type=\"column\" data-e-type=\"column\">\n\t\t\t<div class=\"elementor-widget-wrap elementor-element-populated\">\n\t\t\t\t\t\t<div class=\"elementor-element elementor-element-92eefc7 elementor-widget elementor-widget-heading\" data-id=\"92eefc7\" data-element_type=\"widget\" data-e-type=\"widget\" data-widget_type=\"heading.default\">\n\t\t\t\t<div class=\"elementor-widget-container\">\n\t\t\t\t\t<h1 class=\"elementor-heading-title elementor-size-default\">Anwendungen<\/h1>\t\t\t\t<\/div>\n\t\t\t\t<\/div>\n\t\t\t\t\t<\/div>\n\t\t<\/div>\n\t\t\t\t\t<\/div>\n\t\t<\/section>\n\t\t\t\t<section class=\"elementor-section elementor-top-section elementor-element elementor-element-35f4292 elementor-section-boxed elementor-section-height-default elementor-section-height-default\" data-id=\"35f4292\" data-element_type=\"section\" data-e-type=\"section\">\n\t\t\t\t\t\t<div class=\"elementor-container elementor-column-gap-default\">\n\t\t\t\t\t<div class=\"elementor-column elementor-col-100 elementor-top-column elementor-element elementor-element-2cad5c8\" data-id=\"2cad5c8\" data-element_type=\"column\" data-e-type=\"column\">\n\t\t\t<div class=\"elementor-widget-wrap elementor-element-populated\">\n\t\t\t\t\t\t<section class=\"elementor-section elementor-inner-section elementor-element elementor-element-9c150c4 elementor-section-boxed elementor-section-height-default elementor-section-height-default\" data-id=\"9c150c4\" data-element_type=\"section\" data-e-type=\"section\">\n\t\t\t\t\t\t<div class=\"elementor-container elementor-column-gap-default\">\n\t\t\t\t\t<div class=\"elementor-column elementor-col-50 elementor-inner-column elementor-element elementor-element-f10ed21\" data-id=\"f10ed21\" data-element_type=\"column\" data-e-type=\"column\">\n\t\t\t<div class=\"elementor-widget-wrap elementor-element-populated\">\n\t\t\t\t\t\t<div class=\"elementor-element elementor-element-73b4352 elementor-widget elementor-widget-heading\" data-id=\"73b4352\" data-element_type=\"widget\" data-e-type=\"widget\" data-widget_type=\"heading.default\">\n\t\t\t\t<div class=\"elementor-widget-container\">\n\t\t\t\t\t<h2 class=\"elementor-heading-title elementor-size-default\">GV10x-Anwendungen<\/h2>\t\t\t\t<\/div>\n\t\t\t\t<\/div>\n\t\t\t\t<div class=\"elementor-element elementor-element-cd9f38e elementor-widget elementor-widget-text-editor\" data-id=\"cd9f38e\" data-element_type=\"widget\" data-e-type=\"widget\" data-widget_type=\"text-editor.default\">\n\t\t\t\t<div class=\"elementor-widget-container\">\n\t\t\t\t\t\t\t\t\t<p>Weltweit ist der GV10x-DS-Asher unter den Elektronenmikroskop Nutzern daf\u00fcr bekannt, Kohlenstoffverunreinigung von EM-Proben und -Kammern zu entfernen. Verbesserungen der Verschmutzungsanalyse gegen\u00fcber traditionellen Methoden, wie z. B. der ersten Generation von Plasmareinigern, K\u00fchlfallen (LN<span style=\"vertical-align: sub; font-size: 0.8em;\">2<\/span> Trapping), oder Stickstoffsp\u00fclung (N<span style=\"vertical-align: sub; font-size: 0.8em;\">2<\/span> Purge), bieten EM-Forschern die M\u00f6glichkeit, Kohlenstoffpartikel in Minuten zu entfernen und Kammerverunreinigungen zu verhindern.&nbsp;<\/p>\n<p>Die verbesserte Leistungsf\u00e4higkeit des GV10x entsteht durch die Produktion von Niederdruckplasma. Durch die langsame Rekombination vom Plasma und der gro\u00dfen mittleren freien Wegl\u00e4nge der Elektronen verbreiten sich die hellen UV Strahlen durch die gesamte Kammer. Durch die Kombination aus chemischer Wechselwirkung und dem gro\u00dfen Leistungsbereich wird der Kohlenstoff auf Oberfl\u00e4chen in gasf\u00f6rmige Molek\u00fcle umgewandelt, die dann aus der Vakuumkammer gepumpt werden &#8211; w\u00e4hrend &#8222;Trapping&#8220; lediglich die Molek\u00fcle auf Oberfl\u00e4chen bewegungsunf\u00e4hig macht.<\/p>\n<p>Um alle mikroskopischen Ger\u00e4te im Labor verschmutzungsfrei zu halten, kann der leistungsf\u00e4hige GV10x-DS-Asher zwischen den verschiedenen Instrumenten gewechselt werden. Das Wechseln des GV10x zwischen den verschiedenen Instrumenten ist mit Hilfe des Qwk-Switch\u2122, einem QSTM-Adapter schnell und einfach m\u00f6glich. Die Reinigungszeit ist vom Verschmutzungsgrad der Ger\u00e4te abh\u00e4ngig.&nbsp;<\/p>\n<p>Mit den Fortschritten in der Nanowissenschaft k\u00f6nnen Elektronenstrahlen feiner geb\u00fcndelt werden, ben\u00f6tigen weniger Energie, und der Einsatz von Prozessgasen nimmt zu. Das Aufl\u00f6sungsverm\u00f6gen bei geringer Auftrittsenergie ist stark von der Verringerung der Kohlenstoffverschmutzung abh\u00e4ngig. Der Downstream-Asher f\u00fchrt diesen Plasmaprozess schnell, effektiv und kompromisslos durch und spart somit dem Betreiber wertvolle Zeit. Eine wesentliche Zeitersparnis ist auch dadurch gegeben, dass der Plasmareiniger betrieben werden kann, ohne das Vakuum zu brechen. Ein Eingriff in die Vakuumlogik ist nicht notwendig. Das erzeugte gleichm\u00e4\u00dfige Plasma (nicht pulsierend) kann trotz laufender Turbo Pumpe erzeugt werden. Im Gegensatz zum klassischen Plasma\u00e4tzer mit einem kinetischen Sputter\u00e4tzvorgang, ist der Downstream-Plasmaprozess ein sanftes chemisches Reinigen. Dieser Prozess hat die Methoden zur Entfernung von Kohlenstoffmolek\u00fclen und Kohlenwasserstoffen in Vakuumkammern revolutioniert.<\/p>\n<p><strong>SEM-, FIB- und TEM-Anwendungen<\/strong><\/p>\n<p>Die Plasmareinigung ist die am wenigsten invasivste aber effektivste Methode, um Proben f\u00fcr die EM-Mikroskopie aufzubereiten, wenn bei Materialien eine Gasentwicklung auftritt. W\u00e4hrend des Plasmareinigungsprozesses k\u00f6nnen nicht nur Kohlenwasserstoffschichten, sondern auch andere Kohlenstoffstrukturen abgebaut werden. Das kann bei der TEM Anwendung ein Problem darstellen, weil das Kohlenstoff beschichtete Tr\u00e4gernetz mit jeder Reinigung d\u00fcnner wird. ibss bietet ein nicht-kinetisches, aber sanftes Verfahren an, das die Nebenwirkungen der Interaktion von Plasmaproben verringert. Die Ergebnisse zeigen, dass dieses System effektiv Verunreinigungen entfernt und gleichzeitig den Kohlenstoff-Tr\u00e4gerfilm w\u00e4hrend der Reinigungszyklen schont.<\/p>\n<p>Ver\u00f6ffentlichung zu diesem Thema, bitte hier klicken &nbsp;<strong><a href=\"\/wp-content\/uploads\/2015\/06\/Downstream-Plasma-Tech-for-TEM.Article.pdf\">hier klicken<\/a>.<\/strong><\/p>\n<p><strong>Schleusenkammer (Load Lock)<\/strong><\/p>\n<p>Bei der Installation des Downstream-Asher GV10x an der Schleusenkammer werden die Proben und die Schleusenkammer vollautomatisch gereinigt. Die Vorreinigung in der Schleusenkammer reduziert die Kammerverschmutzung und verringert die H\u00e4ufigkeit der Kammerreinigung. Um die Kammer zu reinigen, kann die Schleusent\u00fcr ge\u00f6ffnet werden. Bei Verwendung eines Qwk-Switch\u2122 Adapters kann die Plasmaquelle schnell von einer System Schleuse auf die n\u00e4chste umgebaut werden. Bitte kontaktieren Sie uns, wenn Sie an ibss-L\u00f6sungen von Schleusenkammerkonfigurationen interessiert sind.&nbsp;<\/p>\n\t\t\t\t\t\t\t\t<\/div>\n\t\t\t\t<\/div>\n\t\t\t\t\t<\/div>\n\t\t<\/div>\n\t\t\t\t<div class=\"elementor-column elementor-col-50 elementor-inner-column elementor-element elementor-element-57709b0\" data-id=\"57709b0\" data-element_type=\"column\" data-e-type=\"column\">\n\t\t\t<div class=\"elementor-widget-wrap elementor-element-populated\">\n\t\t\t\t\t\t<div class=\"elementor-element elementor-element-71dfa9f elementor--h-position-center elementor--v-position-middle elementor-arrows-position-inside elementor-pagination-position-inside elementor-widget elementor-widget-slides\" data-id=\"71dfa9f\" data-element_type=\"widget\" data-e-type=\"widget\" data-settings=\"{&quot;navigation&quot;:&quot;both&quot;,&quot;autoplay&quot;:&quot;yes&quot;,&quot;pause_on_hover&quot;:&quot;yes&quot;,&quot;pause_on_interaction&quot;:&quot;yes&quot;,&quot;autoplay_speed&quot;:5000,&quot;infinite&quot;:&quot;yes&quot;,&quot;transition&quot;:&quot;slide&quot;,&quot;transition_speed&quot;:500}\" data-widget_type=\"slides.default\">\n\t\t\t\t<div class=\"elementor-widget-container\">\n\t\t\t\t\t\t\t\t\t<div class=\"elementor-swiper\">\n\t\t\t\t\t<div class=\"elementor-slides-wrapper elementor-main-swiper swiper\" role=\"region\" aria-roledescription=\"carousel\" aria-label=\"Slider\" dir=\"ltr\" data-animation=\"fadeInUp\">\n\t\t\t\t<div class=\"swiper-wrapper elementor-slides\">\n\t\t\t\t\t\t\t\t\t\t<div class=\"elementor-repeater-item-b5ee010 swiper-slide\" role=\"group\" aria-roledescription=\"slide\"><div class=\"swiper-slide-bg elementor-ken-burns elementor-ken-burns--out\" role=\"img\" aria-label=\"UniAlberta GV10x on Gemini\"><\/div><div class=\"swiper-slide-inner\" ><div class=\"swiper-slide-contents\"><div class=\"elementor-slide-heading\">UniAlberta GV10x on Gemini<\/div><\/div><\/div><\/div><div class=\"elementor-repeater-item-6c2e622 swiper-slide\" role=\"group\" aria-roledescription=\"slide\"><div class=\"swiper-slide-bg elementor-ken-burns elementor-ken-burns--in\" role=\"img\" aria-label=\"applications_clip_image014\"><\/div><div class=\"swiper-slide-inner\" ><div class=\"swiper-slide-contents\"><div class=\"elementor-slide-heading\">GV10x on S4500 Sigmatech Amkor<\/div><\/div><\/div><\/div><div class=\"elementor-repeater-item-d0d642b swiper-slide\" role=\"group\" aria-roledescription=\"slide\"><div class=\"swiper-slide-bg elementor-ken-burns elementor-ken-burns--out\" role=\"img\" aria-label=\"GV10x on Hitachi S4800\"><\/div><div class=\"swiper-slide-inner\" ><div class=\"swiper-slide-contents\"><div class=\"elementor-slide-heading\">GV10x On Hitachi S4800<\/div><\/div><\/div><\/div><div class=\"elementor-repeater-item-fef6603 swiper-slide\" role=\"group\" aria-roledescription=\"slide\"><div class=\"swiper-slide-bg elementor-ken-burns elementor-ken-burns--out\" role=\"img\" aria-label=\"GV10x on XPS\"><\/div><div class=\"swiper-slide-inner\" ><div class=\"swiper-slide-contents\"><div class=\"elementor-slide-heading\">GV10x on XPS<\/div><\/div><\/div><\/div><div class=\"elementor-repeater-item-fba09bd swiper-slide\" role=\"group\" aria-roledescription=\"slide\"><div class=\"swiper-slide-bg elementor-ken-burns elementor-ken-burns--in\" role=\"img\" aria-label=\"GV10x DS Asher on Gemini 2\"><\/div><div class=\"swiper-slide-inner\" ><div class=\"swiper-slide-contents\"><div class=\"elementor-slide-heading\">GV10x on XB540<\/div><\/div><\/div><\/div><div class=\"elementor-repeater-item-079a530 swiper-slide\" role=\"group\" aria-roledescription=\"slide\"><div class=\"swiper-slide-bg elementor-ken-burns elementor-ken-burns--in\" role=\"img\" aria-label=\"Jeol JSM 7200 LoadLock\"><\/div><div class=\"swiper-slide-inner\" ><div class=\"swiper-slide-contents\"><div class=\"elementor-slide-heading\">Jeol JSM 7200 LoadLock<\/div><\/div><\/div><\/div>\t\t\t\t<\/div>\n\t\t\t\t\t\t\t\t\t\t\t\t\t\t\t<div class=\"elementor-swiper-button elementor-swiper-button-prev\" role=\"button\" tabindex=\"0\" aria-label=\"Vorheriger Slide\">\n\t\t\t\t\t\t\t<i aria-hidden=\"true\" class=\"eicon-chevron-left\"><\/i>\t\t\t\t\t\t<\/div>\n\t\t\t\t\t\t<div class=\"elementor-swiper-button elementor-swiper-button-next\" role=\"button\" tabindex=\"0\" aria-label=\"N\u00e4chster Slide\">\n\t\t\t\t\t\t\t<i aria-hidden=\"true\" class=\"eicon-chevron-right\"><\/i>\t\t\t\t\t\t<\/div>\n\t\t\t\t\t\t\t\t\t\t\t\t\t\t\t\t<div class=\"swiper-pagination\"><\/div>\n\t\t\t\t\t\t\t\t\t\t\t\t<\/div>\n\t\t\t\t<\/div>\n\t\t\t\t\t\t\t\t<\/div>\n\t\t\t\t<\/div>\n\t\t\t\t<div class=\"elementor-element elementor-element-41d1148 elementor-widget elementor-widget-image\" data-id=\"41d1148\" data-element_type=\"widget\" data-e-type=\"widget\" data-widget_type=\"image.default\">\n\t\t\t\t<div class=\"elementor-widget-container\">\n\t\t\t\t\t\t\t\t\t\t\t\t\t\t\t<img fetchpriority=\"high\" decoding=\"async\" width=\"1024\" height=\"706\" src=\"https:\/\/ibssgroup.com\/wp-content\/uploads\/2015\/05\/MCA-Closer-Look-1024x706.jpg\" class=\"attachment-large size-large wp-image-3439\" alt=\"\" srcset=\"https:\/\/ibssgroup.com\/wp-content\/uploads\/2015\/05\/MCA-Closer-Look-1024x706.jpg 1024w, https:\/\/ibssgroup.com\/wp-content\/uploads\/2015\/05\/MCA-Closer-Look-300x207.jpg 300w, https:\/\/ibssgroup.com\/wp-content\/uploads\/2015\/05\/MCA-Closer-Look-768x529.jpg 768w, https:\/\/ibssgroup.com\/wp-content\/uploads\/2015\/05\/MCA-Closer-Look-e1570638646904.jpg 1900w\" sizes=\"(max-width: 1024px) 100vw, 1024px\" \/>\t\t\t\t\t\t\t\t\t\t\t\t\t\t\t<\/div>\n\t\t\t\t<\/div>\n\t\t\t\t\t<\/div>\n\t\t<\/div>\n\t\t\t\t\t<\/div>\n\t\t<\/section>\n\t\t\t\t\t<\/div>\n\t\t<\/div>\n\t\t\t\t\t<\/div>\n\t\t<\/section>\n\t\t\t\t<\/div>\n\t\t","protected":false},"excerpt":{"rendered":"<p>GV10x-Anwendungen Weltweit ist der GV10x-DS-Asher unter den Elektronenmikroskop Nutzern daf\u00fcr bekannt, Kohlenstoffverunreinigung von EM-Proben und -Kammern zu entfernen. Verbesserungen der Verschmutzungsanalyse gegen\u00fcber traditionellen Methoden, wie z. B. der ersten Generation von Plasmareinigern, K\u00fchlfallen (LN2 Trapping), oder Stickstoffsp\u00fclung (N2 Purge), bieten EM-Forschern die M\u00f6glichkeit, Kohlenstoffpartikel in Minuten zu entfernen und Kammerverunreinigungen zu verhindern.&nbsp; Die verbesserte Leistungsf\u00e4higkeit [&hellip;]<\/p>\n","protected":false},"author":11,"featured_media":0,"parent":0,"menu_order":0,"comment_status":"closed","ping_status":"closed","template":"","meta":{"_acf_changed":false,"_uag_custom_page_level_css":"","_exactmetrics_skip_tracking":false,"_exactmetrics_sitenote_active":false,"_exactmetrics_sitenote_note":"","_exactmetrics_sitenote_category":0,"site-sidebar-layout":"no-sidebar","site-content-layout":"page-builder","ast-site-content-layout":"full-width-container","site-content-style":"unboxed","site-sidebar-style":"unboxed","ast-global-header-display":"","ast-banner-title-visibility":"","ast-main-header-display":"","ast-hfb-above-header-display":"","ast-hfb-below-header-display":"","ast-hfb-mobile-header-display":"","site-post-title":"disabled","ast-breadcrumbs-content":"","ast-featured-img":"disabled","footer-sml-layout":"","ast-disable-related-posts":"","theme-transparent-header-meta":"default","adv-header-id-meta":"","stick-header-meta":"","header-above-stick-meta":"","header-main-stick-meta":"","header-below-stick-meta":"","astra-migrate-meta-layouts":"default","ast-page-background-enabled":"default","ast-page-background-meta":{"desktop":{"background-color":"","background-image":"","background-repeat":"repeat","background-position":"center center","background-size":"auto","background-attachment":"scroll","background-type":"","background-media":"","overlay-type":"","overlay-color":"","overlay-opacity":"","overlay-gradient":""},"tablet":{"background-color":"","background-image":"","background-repeat":"repeat","background-position":"center center","background-size":"auto","background-attachment":"scroll","background-type":"","background-media":"","overlay-type":"","overlay-color":"","overlay-opacity":"","overlay-gradient":""},"mobile":{"background-color":"","background-image":"","background-repeat":"repeat","background-position":"center center","background-size":"auto","background-attachment":"scroll","background-type":"","background-media":"","overlay-type":"","overlay-color":"","overlay-opacity":"","overlay-gradient":""}},"ast-content-background-meta":{"desktop":{"background-color":"var(--ast-global-color-5)","background-image":"","background-repeat":"repeat","background-position":"center center","background-size":"auto","background-attachment":"scroll","background-type":"","background-media":"","overlay-type":"","overlay-color":"","overlay-opacity":"","overlay-gradient":""},"tablet":{"background-color":"var(--ast-global-color-5)","background-image":"","background-repeat":"repeat","background-position":"center center","background-size":"auto","background-attachment":"scroll","background-type":"","background-media":"","overlay-type":"","overlay-color":"","overlay-opacity":"","overlay-gradient":""},"mobile":{"background-color":"var(--ast-global-color-5)","background-image":"","background-repeat":"repeat","background-position":"center center","background-size":"auto","background-attachment":"scroll","background-type":"","background-media":"","overlay-type":"","overlay-color":"","overlay-opacity":"","overlay-gradient":""}},"footnotes":""},"class_list":["post-4058","page","type-page","status-publish","hentry"],"acf":[],"uagb_featured_image_src":{"full":false,"thumbnail":false,"medium":false,"medium_large":false,"large":false,"1536x1536":false,"2048x2048":false,"widget-thumbnail":false,"gform-image-choice-sm":false,"gform-image-choice-md":false,"gform-image-choice-lg":false},"uagb_author_info":{"display_name":"Ron Snow","author_link":"https:\/\/ibssgroup.com\/de\/author\/developer\/"},"uagb_comment_info":0,"uagb_excerpt":"GV10x-Anwendungen Weltweit ist der GV10x-DS-Asher unter den Elektronenmikroskop Nutzern daf\u00fcr bekannt, Kohlenstoffverunreinigung von EM-Proben und -Kammern zu entfernen. Verbesserungen der Verschmutzungsanalyse gegen\u00fcber traditionellen Methoden, wie z. B. der ersten Generation von Plasmareinigern, K\u00fchlfallen (LN2 Trapping), oder Stickstoffsp\u00fclung (N2 Purge), bieten EM-Forschern die M\u00f6glichkeit, Kohlenstoffpartikel in Minuten zu entfernen und Kammerverunreinigungen zu verhindern.&nbsp; Die verbesserte Leistungsf\u00e4higkeit&hellip;","_links":{"self":[{"href":"https:\/\/ibssgroup.com\/de\/wp-json\/wp\/v2\/pages\/4058","targetHints":{"allow":["GET"]}}],"collection":[{"href":"https:\/\/ibssgroup.com\/de\/wp-json\/wp\/v2\/pages"}],"about":[{"href":"https:\/\/ibssgroup.com\/de\/wp-json\/wp\/v2\/types\/page"}],"author":[{"embeddable":true,"href":"https:\/\/ibssgroup.com\/de\/wp-json\/wp\/v2\/users\/11"}],"replies":[{"embeddable":true,"href":"https:\/\/ibssgroup.com\/de\/wp-json\/wp\/v2\/comments?post=4058"}],"version-history":[{"count":0,"href":"https:\/\/ibssgroup.com\/de\/wp-json\/wp\/v2\/pages\/4058\/revisions"}],"wp:attachment":[{"href":"https:\/\/ibssgroup.com\/de\/wp-json\/wp\/v2\/media?parent=4058"}],"curies":[{"name":"wp","href":"https:\/\/api.w.org\/{rel}","templated":true}]}}